{"id":1145,"date":"2024-01-15T07:12:06","date_gmt":"2024-01-15T07:12:06","guid":{"rendered":"https:\/\/kongastay.com\/accommodations-2\/"},"modified":"2025-06-09T15:57:47","modified_gmt":"2025-06-09T12:57:47","slug":"nameliai","status":"publish","type":"page","link":"https:\/\/kongastay.com\/en\/nameliai\/","title":{"rendered":"Nameliai"},"content":{"rendered":"<div class=\"wp-block-greenshift-blocks-row alignfull gspb_row gspb_row-id-gsbp-f950acf\" id=\"gspb_row-id-gsbp-f950acf\"><div class=\"gspb_backgroundOverlay\"><\/div><div class=\"gspb_row__content\"> \n<div class=\"wp-block-greenshift-blocks-row-column gspb_row__col--12 gspb_col-id-gsbp-1061abd\" id=\"gspb_col-id-gsbp-1061abd\">\n<h1 id=\"gspb_heading-id-gsbp-74a13bd\" class=\"gspb_heading gspb_heading-id-gsbp-74a13bd\">KONGA STAY<\/h1>\n\n\n\n<div id=\"a-scandinavian-style-wooden-kitchen-defined-by-minimalism\"><\/div><h2 id=\"gspb_heading-id-gsbp-0a1a015\" class=\"gspb_heading gspb_heading-id-gsbp-0a1a015\">dani\u0161kas vie\u0161butis gamtoje<\/h2>\n\n\n\n<div class=\"wp-block-greenshift-blocks-container gspb_container gspb_container-gsbp-16669e3\" id=\"gspb_container-id-gsbp-16669e3\">\n<p id=\"gspb_text-id-gsbp-9f3c73c\" class=\"gspb_text gspb_text-id-gsbp-9f3c73c\">Visais met\u0173 laikais patirti gamt\u0105 ir skirti laik\u0105 sau<\/p>\n<\/div>\n<\/div>\n <\/div><\/div>\n\n\n\n<p><\/p>\n\n\n\n<div class=\"wp-block-greenshift-blocks-row gspb_row gspb_row-id-gsbp-ccbd3de\" id=\"gspb_row-id-gsbp-ccbd3de\"><div class=\"gspb_row__content\"> \n<div class=\"wp-block-greenshift-blocks-row-column gspb_row__col--12 gspb_col-id-gsbp-ca42bfb\" id=\"gspb_col-id-gsbp-ca42bfb\"><div class=\"mphb_sc_rooms-wrapper mphb-room-types\">\n<div class=\"mphb-room-type post-309 mphb_room_type type-mphb_room_type status-publish has-post-thumbnail mphb_room_type_category-namukai mphb_room_type_facility-dusas-ir-wc mphb_room_type_facility-kondicionierius mphb_room_type_facility-krosnele mphb_room_type_facility-virtuve mphb_room_type_facility-wired-and-wireless-broadband-internet-access mphb-room-type-adults-4 mphb-room-type-children-0 has-taxes-and-fees\">\n\n\t\n\t\n\n\t<p class=\"post-thumbnail mphb-loop-room-thumbnail\">\n\t<a href=\"https:\/\/kongastay.com\/en\/accommodation\/konga-l\/\">\n\t<img loading=\"lazy\" decoding=\"async\" width=\"700\" height=\"440\" src=\"https:\/\/kongastay.com\/wp-content\/uploads\/2018\/09\/2-1-min.jpg\" class=\"attachment-post-thumbnail size-post-thumbnail wp-post-image\" alt=\"\" srcset=\"https:\/\/kongastay.com\/wp-content\/uploads\/2018\/09\/2-1-min.jpg 700w, https:\/\/kongastay.com\/wp-content\/uploads\/2018\/09\/2-1-min-600x377.jpg 600w, https:\/\/kongastay.com\/wp-content\/uploads\/2018\/09\/2-1-min-300x189.jpg 300w, https:\/\/kongastay.com\/wp-content\/uploads\/2018\/09\/2-1-min-18x12.jpg 18w, https:\/\/kongastay.com\/wp-content\/uploads\/2018\/09\/2-1-min-440x277.jpg 440w\" sizes=\"auto, (max-width: 700px) 100vw, 700px\" \/>\t<\/a>\n\n\t<\/p>\n\n<h2 class=\"mphb-room-type-title entry-title\">\n\n<a class=\"mphb-room-type-title\" href=\"https:\/\/kongastay.com\/en\/accommodation\/konga-l\/\">Konga L 30kv. m.<\/a>\n\n<\/h2>\n\n<p>for rest | for conversation | for discovery<\/p>\n\n\n<h3 class=\"mphb-room-type-details-title\">Details<\/h3><ul class=\"mphb-loop-room-type-attributes\">\n\t<li class=\"mphb-room-type-total-capacity\"><span class=\"mphb-attribute-title mphb-total-capacity-title\">Guests:<\/span><span class=\"mphb-attribute-value\">\n\t4\n\t<\/span><\/li>\t\n\n\n\n\t<li class=\"mphb-room-type-facilities\"><span class=\"mphb-attribute-title mphb-facilities-title\">Amenities:<\/span><span class=\"mphb-attribute-value\"> <span class=\"facility-dusas-ir-wc\"><a href=\"https:\/\/kongastay.com\/en\/accommodation-facility\/dusas-ir-wc\/\">Shower adn WC<\/a><\/span>, <span class=\"facility-kondicionierius\"><a href=\"https:\/\/kongastay.com\/en\/accommodation-facility\/kondicionierius\/\">Air conditioner<\/a><\/span>, <span class=\"facility-krosnele\"><a href=\"https:\/\/kongastay.com\/en\/accommodation-facility\/krosnele\/\">Stove<\/a><\/span>, <span class=\"facility-virtuve\"><a href=\"https:\/\/kongastay.com\/en\/accommodation-facility\/virtuve\/\">Kitchen (gas stove, refrigerator)<\/a><\/span>, <span class=\"facility-wired-and-wireless-broadband-internet-access\"><a href=\"https:\/\/kongastay.com\/en\/accommodation-facility\/wired-and-wireless-broadband-internet-access\/\">WiFi<\/a><\/span><\/span><\/li>\n\t\n\n\n\t<li class=\"mphb-room-type-view\"><span class=\"mphb-attribute-title mphb-view-title\">View:<\/span><span class=\"mphb-attribute-value\">\n\tForest and valley\n\t<\/span><\/li>\n\t\n\n\n\t<li class=\"mphb-room-type-size\"><span class=\"mphb-attribute-title mphb-size-title\">Size:<\/span><span class=\"mphb-attribute-value\">\n\t30m\u00b2\n\t<\/span><\/li>\n\t\n\n\t<li class=\"mphb-room-type-bed-type\"><span  class=\"mphb-attribute-title mphb-bed-type-title\">Bed Type:<\/span><span class=\"mphb-attribute-value\">\n\tDouble bed (140x200cm)\n\t<\/span><\/li>\n\t\n\n\t<li class=\"mphb-room-type-categories\"><span class=\"mphb-attribute-title mphb-categories-title\">Categories:<\/span><span class=\"mphb-attribute-value\"> <span class=\"category-namukai\"><a href=\"https:\/\/kongastay.com\/en\/accommodation-category\/namukai\/\">Namukai<\/a><\/span><\/span><\/li>\n\t<li class=\"mphb-room-type-test mphb-room-type-custom-attribute\"><span class=\"mphb-attribute-title mphb-test-title\">Bedding:<\/span><span class=\"mphb-attribute-value\"> <span class=\"test-minkstintas-linas\">Softened linen<\/span><\/span><\/li><li class=\"mphb-room-type-terasa mphb-room-type-custom-attribute\"><span class=\"mphb-attribute-title mphb-terasa-title\">Terrace:<\/span><span class=\"mphb-attribute-value\"> <span class=\"terasa-10-kv-m\">10 kv. m.<\/span><\/span><\/li><li class=\"mphb-room-type-isskirtinumas mphb-room-type-custom-attribute\"><span class=\"mphb-attribute-title mphb-isskirtinumas-title\">Uniqueness:<\/span><span class=\"mphb-attribute-value\"> <span class=\"isskirtinumas-jakuzi\">Jacuzzi (included in the price)<\/span><\/span><\/li><li class=\"mphb-room-type-kurybine-zona mphb-room-type-custom-attribute\"><span class=\"mphb-attribute-title mphb-kurybine-zona-title\">Creative area:<\/span><span class=\"mphb-attribute-value\"> <span class=\"kurybine-zona-taip\">Yes<\/span><\/span><\/li><li class=\"mphb-room-type-sveciai mphb-room-type-custom-attribute\"><span class=\"mphb-attribute-title mphb-sveciai-title\">Guests:<\/span><span class=\"mphb-attribute-value\"> <span class=\"sveciai-1\">1<\/span>, <span class=\"sveciai-2\">2<\/span>, <span class=\"sveciai-3\">3<\/span>, <span class=\"sveciai-4\">4<\/span><\/span><\/li>\n<\/ul>\n\n\t<p class=\"mphb-regular-price\"><strong>Prices start at:<\/strong>\n\t<span class=\"mphb-price\"><span class=\"mphb-currency\">&euro;<\/span>149<\/span> <span class=\"mphb-price-period\" title=\"Choose dates to see relevant prices\">per night<\/span><span class=\"mphb-tax-information taxes-included\"> (+taxes and fees)<\/span>\n\t<\/p>\n\t\n<p class=\"mphb-view-details-button-wrapper\">\n<a class=\"button mphb-view-details-button\" href=\"https:\/\/kongastay.com\/en\/accommodation\/konga-l\/\" >View Details<\/a>\n<\/p>\n<div class=\"mphb-to-book-btn-wrapper\">\n<form action=\"https:\/\/kongastay.com\/en\/accommodation\/konga-l\/#booking-form-309\" method=\"get\" data-trp-original-action=\"https:\/\/kongastay.com\/en\/accommodation\/konga-l\/#booking-form-309\" ><button type=\"submit\" class=\"button mphb-book-button\" >Book<\/button><input type=\"hidden\" name=\"trp-form-language\" value=\"en\"\/><\/form>\n<br\/><\/div>\n\t\n<\/div>\n\n<div class=\"mphb-room-type post-308 mphb_room_type type-mphb_room_type status-publish has-post-thumbnail mphb_room_type_category-namukai mphb_room_type_facility-dusas-ir-wc mphb_room_type_facility-kondicionierius mphb_room_type_facility-krosnele mphb_room_type_facility-virtuve mphb_room_type_facility-wired-and-wireless-broadband-internet-access mphb-room-type-adults-4 mphb-room-type-children-0 has-taxes-and-fees\">\n\n\t\n\t\n\n\t<p class=\"post-thumbnail mphb-loop-room-thumbnail\">\n\t<a href=\"https:\/\/kongastay.com\/en\/accommodation\/konga-m\/\">\n\t<img loading=\"lazy\" decoding=\"async\" width=\"700\" height=\"440\" src=\"https:\/\/kongastay.com\/wp-content\/uploads\/2018\/09\/5-2-min.jpg\" class=\"attachment-post-thumbnail size-post-thumbnail wp-post-image\" alt=\"\" srcset=\"https:\/\/kongastay.com\/wp-content\/uploads\/2018\/09\/5-2-min.jpg 700w, https:\/\/kongastay.com\/wp-content\/uploads\/2018\/09\/5-2-min-600x377.jpg 600w, https:\/\/kongastay.com\/wp-content\/uploads\/2018\/09\/5-2-min-300x189.jpg 300w, https:\/\/kongastay.com\/wp-content\/uploads\/2018\/09\/5-2-min-18x12.jpg 18w, https:\/\/kongastay.com\/wp-content\/uploads\/2018\/09\/5-2-min-440x277.jpg 440w\" sizes=\"auto, (max-width: 700px) 100vw, 700px\" \/>\t<\/a>\n\n\t<\/p>\n\n<h2 class=\"mphb-room-type-title entry-title\">\n\n<a class=\"mphb-room-type-title\" href=\"https:\/\/kongastay.com\/en\/accommodation\/konga-m\/\">Konga M 26kv. m.<\/a>\n\n<\/h2>\n\n<p>for balance I for being I for connection<\/p>\n\n\n<h3 class=\"mphb-room-type-details-title\">Details<\/h3><ul class=\"mphb-loop-room-type-attributes\">\n\n\n\t<li class=\"mphb-room-type-adults-capacity\"><span class=\"mphb-attribute-title mphb-adults-title\">Adults:<\/span><span class=\"mphb-attribute-value\">\n\t4\n\t<\/span><\/li>\n\t\n\n\n\t<li class=\"mphb-room-type-facilities\"><span class=\"mphb-attribute-title mphb-facilities-title\">Amenities:<\/span><span class=\"mphb-attribute-value\"> <span class=\"facility-dusas-ir-wc\"><a href=\"https:\/\/kongastay.com\/en\/accommodation-facility\/dusas-ir-wc\/\">Shower adn WC<\/a><\/span>, <span class=\"facility-kondicionierius\"><a href=\"https:\/\/kongastay.com\/en\/accommodation-facility\/kondicionierius\/\">Air conditioner<\/a><\/span>, <span class=\"facility-krosnele\"><a href=\"https:\/\/kongastay.com\/en\/accommodation-facility\/krosnele\/\">Stove<\/a><\/span>, <span class=\"facility-virtuve\"><a href=\"https:\/\/kongastay.com\/en\/accommodation-facility\/virtuve\/\">Kitchen (gas stove, refrigerator)<\/a><\/span>, <span class=\"facility-wired-and-wireless-broadband-internet-access\"><a href=\"https:\/\/kongastay.com\/en\/accommodation-facility\/wired-and-wireless-broadband-internet-access\/\">WiFi<\/a><\/span><\/span><\/li>\n\t\n\n\n\t<li class=\"mphb-room-type-view\"><span class=\"mphb-attribute-title mphb-view-title\">View:<\/span><span class=\"mphb-attribute-value\">\n\tForest and valley\n\t<\/span><\/li>\n\t\n\n\n\t<li class=\"mphb-room-type-size\"><span class=\"mphb-attribute-title mphb-size-title\">Size:<\/span><span class=\"mphb-attribute-value\">\n\t26m\u00b2\n\t<\/span><\/li>\n\t\n\n\t<li class=\"mphb-room-type-bed-type\"><span  class=\"mphb-attribute-title mphb-bed-type-title\">Bed Type:<\/span><span class=\"mphb-attribute-value\">\n\tDouble bed (160x200 cm)\n\t<\/span><\/li>\n\t\n\n\t<li class=\"mphb-room-type-categories\"><span class=\"mphb-attribute-title mphb-categories-title\">Categories:<\/span><span class=\"mphb-attribute-value\"> <span class=\"category-namukai\"><a href=\"https:\/\/kongastay.com\/en\/accommodation-category\/namukai\/\">Namukai<\/a><\/span><\/span><\/li>\n\t<li class=\"mphb-room-type-test mphb-room-type-custom-attribute\"><span class=\"mphb-attribute-title mphb-test-title\">Bedding:<\/span><span class=\"mphb-attribute-value\"> <span class=\"test-minkstintas-linas\">Softened linen<\/span><\/span><\/li><li class=\"mphb-room-type-terasa mphb-room-type-custom-attribute\"><span class=\"mphb-attribute-title mphb-terasa-title\">Terrace:<\/span><span class=\"mphb-attribute-value\"> <span class=\"terasa-16-kv-m\">16 kv. m.<\/span><\/span><\/li><li class=\"mphb-room-type-isskirtinumas mphb-room-type-custom-attribute\"><span class=\"mphb-attribute-title mphb-isskirtinumas-title\">Uniqueness:<\/span><span class=\"mphb-attribute-value\"> <span class=\"isskirtinumas-jakuzi\">Jacuzzi (included in the price)<\/span><\/span><\/li><li class=\"mphb-room-type-sveciai mphb-room-type-custom-attribute\"><span class=\"mphb-attribute-title mphb-sveciai-title\">Guests:<\/span><span class=\"mphb-attribute-value\"> <span class=\"sveciai-1\">1<\/span>, <span class=\"sveciai-2\">2<\/span>, <span class=\"sveciai-3\">3<\/span>, <span class=\"sveciai-4\">4<\/span><\/span><\/li>\n<\/ul>\n\n\t<p class=\"mphb-regular-price\"><strong>Prices start at:<\/strong>\n\t<span class=\"mphb-price\"><span class=\"mphb-currency\">&euro;<\/span>149<\/span> <span class=\"mphb-price-period\" title=\"Choose dates to see relevant prices\">per night<\/span><span class=\"mphb-tax-information taxes-included\"> (+taxes and fees)<\/span>\n\t<\/p>\n\t\n<p class=\"mphb-view-details-button-wrapper\">\n<a class=\"button mphb-view-details-button\" href=\"https:\/\/kongastay.com\/en\/accommodation\/konga-m\/\" >View Details<\/a>\n<\/p>\n<div class=\"mphb-to-book-btn-wrapper\">\n<form action=\"https:\/\/kongastay.com\/en\/accommodation\/konga-m\/#booking-form-308\" method=\"get\" data-trp-original-action=\"https:\/\/kongastay.com\/en\/accommodation\/konga-m\/#booking-form-308\" ><button type=\"submit\" class=\"button mphb-book-button\" >Book<\/button><input type=\"hidden\" name=\"trp-form-language\" value=\"en\"\/><\/form>\n<br\/><\/div>\n\t\n<\/div>\n<\/div>\n<\/div>\n <\/div><\/div>","protected":false},"excerpt":{"rendered":"","protected":false},"author":4,"featured_media":0,"parent":0,"menu_order":0,"comment_status":"closed","ping_status":"closed","template":"","meta":{"_gspb_post_css":"#gspb_row-id-gsbp-f950acf{justify-content:space-between;margin-top:0;margin-bottom:0;display:flex;flex-wrap:wrap;align-content:flex-end;padding-bottom:40px;min-height:100vh;background-size:cover;background-repeat:no-repeat;background-image:url(https:\/\/kongastay.com\/wp-content\/uploads\/2025\/05\/DUK-kongastay-klausymai.webp);isolation:isolate}#gspb_row-id-gsbp-f950acf>.gspb_row__content{display:flex;justify-content:space-between;margin:0 auto;width:100%;flex-wrap:wrap;max-width:1556px;align-items:flex-end}div[id^=gspb_col-id]{box-sizing:border-box;position:relative;padding:var(--gs-row-column-padding, 15px min(3vw, 20px))}#gspb_row-id-gsbp-f950acf:hover{background-size:cover}#gspb_row-id-gsbp-f950acf>.gspb_backgroundOverlay{position:absolute;top:0;left:0;width:100%;height:100%;z-index:-1;background-image:linear-gradient(0deg,#0d0d0d 0,rgba(83,120,148,0) 30%)}#gspb_col-id-gsbp-1061abd.gspb_row__col--12{width:100%}@media (max-width:575.98px){#gspb_col-id-gsbp-1061abd.gspb_row__col--12{width:100%}}body #gspb_col-id-gsbp-1061abd.gspb_row__col--12{display:flex;flex-direction:column;align-content:center;align-items:center}#gspb_heading-id-gsbp-74a13bd,#gspb_heading-id-gsbp-74a13bd .gsap-g-line{text-align:center!important}#gspb_heading-id-gsbp-74a13bd{color:var(--wp--preset--color--palette-color-8, var(--theme-palette-color-8, #ffffff));margin-bottom:0}#gspb_heading-id-gsbp-0a1a015{font-size:20px}@media (max-width:575.98px){#gspb_heading-id-gsbp-0a1a015{font-size:16px}}#gspb_heading-id-gsbp-0a1a015,#gspb_heading-id-gsbp-0a1a015 .gsap-g-line{text-align:center!important}#gspb_heading-id-gsbp-0a1a015{color:var(--wp--preset--color--palette-color-8, var(--theme-palette-color-8, #ffffff));margin-top:6px;margin-bottom:0}.gspb_container-id-gsbp-16669e3{flex-direction:column;box-sizing:border-box}#gspb_container-id-gsbp-16669e3.gspb_container>p:last-of-type{margin-bottom:0}#gspb_container-id-gsbp-16669e3.gspb_container{position:relative;padding:20px 0 0;width:600px}@media (max-width:575.98px){#gspb_container-id-gsbp-16669e3.gspb_container{width:100%}}.gspb_text-id-gsbp-9f3c73c{font-size:12px;color:var(--wp--preset--color--palette-color-8, var(--theme-palette-color-8, #ffffff))}.gspb_text-id-gsbp-9f3c73c,.gspb_text-id-gsbp-9f3c73c .gsap-g-line{text-align:center!important}@media (max-width:575.98px){.gspb_text-id-gsbp-9f3c73c{padding-bottom:40px!important}}#gspb_row-id-gsbp-ccbd3de{justify-content:space-between;margin-top:0;margin-bottom:0;display:flex;flex-wrap:wrap}#gspb_row-id-gsbp-ccbd3de>.gspb_row__content{display:flex;justify-content:space-between;margin:0 auto;width:100%;flex-wrap:wrap}.gspb_row{position:relative}body.gspb-bodyfront #gspb_row-id-gsbp-ccbd3de>.gspb_row__content{width:var(--theme-container-width, 1200px);max-width:var(--theme-normal-container-max-width, 1200px)}#gspb_col-id-gsbp-ca42bfb.gspb_row__col--12{width:100%}@media (max-width:575.98px){#gspb_col-id-gsbp-ca42bfb.gspb_row__col--12{width:100%}}","footnotes":""},"class_list":["post-1145","page","type-page","status-publish","hentry"],"blocksy_meta":{"has_hero_section":"disabled","styles_descriptor":{"styles":{"desktop":"","tablet":"","mobile":""},"google_fonts":[],"version":6}},"_links":{"self":[{"href":"https:\/\/kongastay.com\/en\/wp-json\/wp\/v2\/pages\/1145","targetHints":{"allow":["GET"]}}],"collection":[{"href":"https:\/\/kongastay.com\/en\/wp-json\/wp\/v2\/pages"}],"about":[{"href":"https:\/\/kongastay.com\/en\/wp-json\/wp\/v2\/types\/page"}],"author":[{"embeddable":true,"href":"https:\/\/kongastay.com\/en\/wp-json\/wp\/v2\/users\/4"}],"replies":[{"embeddable":true,"href":"https:\/\/kongastay.com\/en\/wp-json\/wp\/v2\/comments?post=1145"}],"version-history":[{"count":9,"href":"https:\/\/kongastay.com\/en\/wp-json\/wp\/v2\/pages\/1145\/revisions"}],"predecessor-version":[{"id":8619,"href":"https:\/\/kongastay.com\/en\/wp-json\/wp\/v2\/pages\/1145\/revisions\/8619"}],"wp:attachment":[{"href":"https:\/\/kongastay.com\/en\/wp-json\/wp\/v2\/media?parent=1145"}],"curies":[{"name":"wp","href":"https:\/\/api.w.org\/{rel}","templated":true}]}}