{"id":1147,"date":"2024-01-15T07:12:06","date_gmt":"2024-01-15T07:12:06","guid":{"rendered":"https:\/\/kongastay.com\/search-results-2\/"},"modified":"2025-06-06T17:29:15","modified_gmt":"2025-06-06T14:29:15","slug":"paieskos-rezultatai","status":"publish","type":"page","link":"https:\/\/kongastay.com\/en\/paieskos-rezultatai\/","title":{"rendered":"Paie\u0161kos rezultatai"},"content":{"rendered":"<div class=\"wp-block-greenshift-blocks-row alignfull gspb_row gspb_row-id-gsbp-b4ff8ca\" id=\"gspb_row-id-gsbp-b4ff8ca\"><div class=\"gspb_backgroundOverlay\"><\/div><div class=\"gspb_container__videoContainer\"><div class=\"gspb_videowrapper\"><video id=\"background-video-gsbp-b4ff8ca\" playsinline muted loop autoplay><source src=\"https:\/\/kongastay.com\/wp-content\/uploads\/2025\/05\/poilsis-gamtoje.mp4\" type=\"video\/mp4\"\/><\/video><\/div><\/div><div class=\"gspb_row__content\"> \n<div class=\"wp-block-greenshift-blocks-row-column gspb_row__col--12 gspb_col-id-gsbp-1061abd\" id=\"gspb_col-id-gsbp-1061abd\">\n<h1 id=\"gspb_heading-id-gsbp-74a13bd\" class=\"gspb_heading gspb_heading-id-gsbp-74a13bd\">KONGA<\/h1>\n\n\n\n<div id=\"a-scandinavian-style-wooden-kitchen-defined-by-minimalism\"><\/div><h2 id=\"gspb_heading-id-gsbp-0a1a015\" class=\"gspb_heading gspb_heading-id-gsbp-0a1a015\">dani\u0161kas vie\u0161butis gamtoje<\/h2>\n\n\n\n<div class=\"wp-block-greenshift-blocks-container gspb_container gspb_container-gsbp-16669e3\" id=\"gspb_container-id-gsbp-16669e3\">\n<p id=\"gspb_text-id-gsbp-9f3c73c\" class=\"gspb_text gspb_text-id-gsbp-9f3c73c\">Visais met\u0173 laikais patirti gamt\u0105 ir skirti laik\u0105 sau<\/p>\n<\/div>\n<\/div>\n <\/div><\/div>\n\n\n<div class=\"mphb_sc_search_results-wrapper\"><div class=\"mphb-errors-wrapper\">\n\t<\/div>\n<\/div>\n\n\n\n<p><\/p>","protected":false},"excerpt":{"rendered":"","protected":false},"author":4,"featured_media":0,"parent":0,"menu_order":0,"comment_status":"closed","ping_status":"closed","template":"","meta":{"_gspb_post_css":"#gspb_col-id-gsbp-1061abd.gspb_row__col--12{width:100%}@media (max-width:575.98px){#gspb_col-id-gsbp-1061abd.gspb_row__col--12{width:100%}}body #gspb_col-id-gsbp-1061abd.gspb_row__col--12{display:flex;flex-direction:column;align-content:center;align-items:center}#gspb_heading-id-gsbp-74a13bd,#gspb_heading-id-gsbp-74a13bd .gsap-g-line{text-align:center!important}#gspb_heading-id-gsbp-74a13bd{color:var(--wp--preset--color--palette-color-8, var(--theme-palette-color-8, #ffffff));margin-bottom:0}#gspb_heading-id-gsbp-0a1a015{font-size:20px}@media (max-width:575.98px){#gspb_heading-id-gsbp-0a1a015{font-size:16px}}#gspb_heading-id-gsbp-0a1a015,#gspb_heading-id-gsbp-0a1a015 .gsap-g-line{text-align:center!important}#gspb_heading-id-gsbp-0a1a015{color:var(--wp--preset--color--palette-color-8, var(--theme-palette-color-8, #ffffff));margin-top:6px;margin-bottom:0}.gspb_container-id-gsbp-16669e3{flex-direction:column;box-sizing:border-box}#gspb_container-id-gsbp-16669e3.gspb_container>p:last-of-type{margin-bottom:0}#gspb_container-id-gsbp-16669e3.gspb_container{position:relative;padding:20px 0 0;width:600px}@media (max-width:575.98px){#gspb_container-id-gsbp-16669e3.gspb_container{width:100%}}.gspb_text-id-gsbp-9f3c73c{font-size:12px;color:var(--wp--preset--color--palette-color-8, var(--theme-palette-color-8, #ffffff))}.gspb_text-id-gsbp-9f3c73c,.gspb_text-id-gsbp-9f3c73c .gsap-g-line{text-align:center!important}@media (max-width:575.98px){.gspb_text-id-gsbp-9f3c73c{padding-bottom:40px!important}}#gspb_row-id-gsbp-b4ff8ca{justify-content:space-between;margin-top:0;display:flex;flex-wrap:wrap;align-content:flex-end;margin-bottom:80px;padding-bottom:0;min-height:100vh;isolation:isolate}#gspb_row-id-gsbp-b4ff8ca>.gspb_row__content{display:flex;justify-content:space-between;margin:0 auto;width:100%;flex-wrap:wrap;max-width:1556px;align-items:flex-end}.gspb_row{position:relative}div[id^=gspb_col-id]{box-sizing:border-box;position:relative;padding:var(--gs-row-column-padding, 15px min(3vw, 20px))}#gspb_row-id-gsbp-b4ff8ca>.gspb_backgroundOverlay{position:absolute;top:0;left:0;width:100%;height:100%;z-index:-1;background-image:linear-gradient(0deg,#0d0d0d 0,rgba(83,120,148,0) 30%)}#gspb_row-id-gsbp-b4ff8ca .gspb_container__videoContainer{height:100%;width:100%;top:0;left:0;position:absolute;overflow:hidden;z-index:-50}#gspb_row-id-gsbp-b4ff8ca .gspb_container__videoContainer img{display:block;z-index:20;cursor:pointer}#gspb_row-id-gsbp-b4ff8ca .gspb_container__videoContainer img,#gspb_row-id-gsbp-b4ff8ca .gspb_videowrapper iframe,#gspb_row-id-gsbp-b4ff8ca .gspb_videowrapper video{left:0;top:0;height:100%;width:100%;position:absolute;object-fit:cover}","footnotes":""},"class_list":["post-1147","page","type-page","status-publish","hentry"],"blocksy_meta":{"has_hero_section":"disabled","styles_descriptor":{"styles":{"desktop":"","tablet":"","mobile":""},"google_fonts":[],"version":6}},"_links":{"self":[{"href":"https:\/\/kongastay.com\/en\/wp-json\/wp\/v2\/pages\/1147","targetHints":{"allow":["GET"]}}],"collection":[{"href":"https:\/\/kongastay.com\/en\/wp-json\/wp\/v2\/pages"}],"about":[{"href":"https:\/\/kongastay.com\/en\/wp-json\/wp\/v2\/types\/page"}],"author":[{"embeddable":true,"href":"https:\/\/kongastay.com\/en\/wp-json\/wp\/v2\/users\/4"}],"replies":[{"embeddable":true,"href":"https:\/\/kongastay.com\/en\/wp-json\/wp\/v2\/comments?post=1147"}],"version-history":[{"count":12,"href":"https:\/\/kongastay.com\/en\/wp-json\/wp\/v2\/pages\/1147\/revisions"}],"predecessor-version":[{"id":8465,"href":"https:\/\/kongastay.com\/en\/wp-json\/wp\/v2\/pages\/1147\/revisions\/8465"}],"wp:attachment":[{"href":"https:\/\/kongastay.com\/en\/wp-json\/wp\/v2\/media?parent=1147"}],"curies":[{"name":"wp","href":"https:\/\/api.w.org\/{rel}","templated":true}]}}