{"id":1340,"date":"2024-01-17T10:37:02","date_gmt":"2024-01-17T10:37:02","guid":{"rendered":"https:\/\/kongastay.com\/?page_id=1340"},"modified":"2025-06-09T11:20:23","modified_gmt":"2025-06-09T08:20:23","slug":"vidaus-taisykles","status":"publish","type":"page","link":"https:\/\/kongastay.com\/en\/vidaus-taisykles\/","title":{"rendered":"Internal Rules"},"content":{"rendered":"<div class=\"wp-block-greenshift-blocks-row alignfull gspb_row gspb_row-id-gsbp-2e13754\" id=\"gspb_row-id-gsbp-2e13754\"><div class=\"gspb_backgroundOverlay\"><\/div><div class=\"gspb_row__content\"> \n<div class=\"wp-block-greenshift-blocks-row-column gspb_row__col--12 gspb_col-id-gsbp-1061abd\" id=\"gspb_col-id-gsbp-1061abd\">\n<h1 id=\"gspb_heading-id-gsbp-74a13bd\" class=\"gspb_heading gspb_heading-id-gsbp-74a13bd\">KONGA STAY<\/h1>\n\n\n\n<div id=\"a-scandinavian-style-wooden-kitchen-defined-by-minimalism\"><\/div><h2 id=\"gspb_heading-id-gsbp-0a1a015\" class=\"gspb_heading gspb_heading-id-gsbp-0a1a015\">vidaus taisykl\u0117s<\/h2>\n\n\n\n<div class=\"wp-block-greenshift-blocks-container gspb_container gspb_container-gsbp-16669e3\" id=\"gspb_container-id-gsbp-16669e3\">\n<p id=\"gspb_text-id-gsbp-9f3c73c\" class=\"gspb_text gspb_text-id-gsbp-9f3c73c\">Bedugn\u0117, kuri vis\u0105 maitina, i\u0161 kurios visa randasi<\/p>\n<\/div>\n<\/div>\n <\/div><\/div>\n\n\n\n<div class=\"wp-block-greenshift-blocks-row gspb_row gspb_row-id-gsbp-4e2f05c\" id=\"gspb_row-id-gsbp-4e2f05c\"><div class=\"gspb_row__content\"> \n<div class=\"wp-block-greenshift-blocks-row-column gspb_row__col--6 gspb_col-id-gsbp-b812d79\" id=\"gspb_col-id-gsbp-b812d79\">\n<h2 id=\"gspb_heading-id-gsbp-77412ae\" class=\"gspb_heading gspb_heading-id-gsbp-77412ae\">Darna prasideda nuo <br>ma\u017e\u0173 susitarim\u0173.<\/h2>\n\n\n\n<p id=\"gspb_heading-id-gsbp-26ee776\" class=\"gspb_heading gspb_heading-id-gsbp-26ee776\">Konga Stay<\/p>\n<\/div>\n\n\n\n<div class=\"wp-block-greenshift-blocks-row-column gspb_row__col--6 gspb_col-id-gsbp-b496b49\" id=\"gspb_col-id-gsbp-b496b49\">\n<p id=\"gspb_text-id-gsbp-14526d7\" class=\"gspb_text gspb_text-id-gsbp-14526d7\">Mums svarbu, kad Konga Stay b\u016bt\u0173 erdv\u0117, kurioje gera b\u016bti.\u2028 Kad \u010dia b\u016bt\u0173 tylu, \u0161varu, saugu ir jauku. Kad gird\u0117tume ir gerbtume vienas kito buvim\u0105.<br>\u0160ios kelios taisykl\u0117s \u2013 ne kontrol\u0117, o tylus kvietimas \u012f bendr\u0105 ritm\u0105. \u012e pagarb\u0173 samb\u016bv\u012f su \u017emon\u0117mis, gamta ir vieta.<br><br>Kvie\u010diame perskaityti ir susipa\u017einti.<\/p>\n<\/div>\n <\/div><\/div>\n\n\n\n<div class=\"wp-block-greenshift-blocks-row gspb_row gspb_row-id-gsbp-0377731\" id=\"gspb_row-id-gsbp-0377731\"><div class=\"gspb_row__content\"> \n<div class=\"wp-block-greenshift-blocks-row-column gspb_row__col--8 gspb_col-id-gsbp-f2fa374\" id=\"gspb_col-id-gsbp-f2fa374\">\n<div class=\"wp-block-greenshift-blocks-container gspb_container gspb_container-gsbp-55c45a8\" id=\"gspb_container-id-gsbp-55c45a8\">\n<div class=\"wp-block-greenshift-blocks-image gspb_image gspb_image-id-gsbp-6a7788a\" id=\"gspb_image-id-gsbp-6a7788a\"><img decoding=\"async\" src=\"https:\/\/kongastay.com\/wp-content\/uploads\/2025\/05\/Konga-M-kongastay-dovana-nakvyne-dviems.webp\" data-src=\"\" alt=\"\" loading=\"lazy\" width=\"1500\" height=\"2250\"\/><\/div>\n\n\n\n<div class=\"wp-block-greenshift-blocks-image gspb_image gspb_image-id-gsbp-d492c3c\" id=\"gspb_image-id-gsbp-d492c3c\"><img decoding=\"async\" src=\"https:\/\/kongastay.com\/wp-content\/uploads\/2025\/05\/Konga-M-poilsis-dviems-gamtoje-kongastay.webp\" data-src=\"\" alt=\"\" loading=\"lazy\" width=\"1500\" height=\"2250\"\/><\/div>\n<\/div>\n\n\n\n<div class=\"wp-block-greenshift-blocks-container gspb_container gspb_container-gsbp-5d4e447\" id=\"gspb_container-id-gsbp-5d4e447\">\n<div class=\"wp-block-greenshift-blocks-image gspb_image gspb_image-id-gsbp-91e4d55\" id=\"gspb_image-id-gsbp-91e4d55\"><img decoding=\"async\" src=\"https:\/\/kongastay.com\/wp-content\/uploads\/2025\/05\/Konga-L-poilsis-privatus-gamtoje-kongastay-scaled.webp\" data-src=\"\" alt=\"\" loading=\"lazy\" width=\"1706\" height=\"2560\"\/><\/div>\n\n\n\n<div class=\"wp-block-greenshift-blocks-image gspb_image gspb_image-id-gsbp-539e47b\" id=\"gspb_image-id-gsbp-539e47b\"><img decoding=\"async\" src=\"https:\/\/kongastay.com\/wp-content\/uploads\/2025\/05\/Konga-L-nakvyne-gamtoje-dviems-kongastay-scaled.webp\" data-src=\"\" alt=\"\" loading=\"lazy\" width=\"1707\" height=\"2560\"\/><\/div>\n<\/div>\n\n\n\n<div class=\"wp-block-greenshift-blocks-container gspb_container gspb_container-gsbp-d33bf36\" id=\"gspb_container-id-gsbp-d33bf36\"><\/div>\n<\/div>\n\n\n\n<div class=\"wp-block-greenshift-blocks-row-column gspb_row__col--4 gspb_col-id-gsbp-5c4740e\" id=\"gspb_col-id-gsbp-5c4740e\">\n<div id=\"gspb_text-id-gsbp-37da8a6\" class=\"gspb_text gspb_text-id-gsbp-37da8a6\"><strong>INTERNAL RULES<\/strong><br>Check-in is from 3:00 PM. When arriving, bring as few items as possible. Less is more.\u00a0<br>Check-out is by 12:00 PM. If we do not have a reservation for the following day, we allow guests to stay until the evening.<br>Age. Only adults are allowed to stay, either individually or as a couple. Inviting friends to the cabin is not allowed. Visit them separately.<br>Pets are not allowed, unless it's a goldfish. Through the windows, you can often see hedgehogs, deer, or foxes. Enjoy the local wildlife.<br>Smoking is not allowed in the cabin, even if it\u2019s an electronic cigarette.<br>Take care of yourself, the cabin, and nature. If you notice any damage or issues in the cabin, please inform us immediately.<br>Build fires only in designated areas. There is a fire pit outdoors.<br>Swimming in the water body is allowed, as well as fishing.<br>Walks. The nature in Bedugn\u0117 is wild and natural.<br>You can walk anywhere in the forest, but make sure to take a navigation tool to find your way back.<br>All the neighbors are warm and friendly people. If you meet them, make sure to greet them.<br><br><strong>RESERVATION PROCESS:<\/strong><br>Reservations are made directly through our website. The reservation must be personal, including your details and those of the person accompanying you. If you wish to gift a visit, you should purchase a gift voucher.<br>By paying for the reservation, you confirm that you are of legal age, have read, and agree to our internal rules and regulations.<br>By making a reservation, you agree that your personal data will be used to complete the reservation process.<br>Reservations are non-refundable. If notified in advance, other guests may come in your place, and they must be familiar with the Konga Stay Bedugn\u0117 house rules.<br>Norint\u00a0pakeisti rezervacijos datas,\u00a0susisiekite su mumis el. pa\u0161tu: <a href=\"mailto:Paulius@kongastay.com\">Paulius@kongastay.com<\/a>. Likus ne ma\u017eiau nei 10 kalendorini\u0173 dien\u0173, galimas dat\u0173 keitimas. Suteikiamas kodas, su kuriuo 3 m\u0117nesi\u0173 laikotarpyje galima i\u0161naudoti sumok\u0117t\u0105 sum\u0105 kitai rezervacijai. Likus ma\u017eiau nei 10 kalendorini\u0173 dien\u0173 \u2013 keitimas negalimas.<br>The amount of the gift voucher can be used for Konga Stay Bedugn\u0117 services within 1 year of purchase. The unused voucher amount is non-refundable. Once the voucher code is entered to make a reservation, the voucher becomes invalid.<br><br><strong>RESPONSIBILITY:<\/strong><br>If guests injure themselves or damage their property by violating safety, fire safety, and internal regulations, the service provider is not responsible for this.<br>Guests are responsible for any accidents that may occur within the Konga Stay Bedugn\u0117 premises or outside its boundaries.<br>Guests of Konga Stay are financially responsible for any movable or immovable property damaged, destroyed, or stolen within the Konga Stay Bedugn\u0117 cabin or its premises.<\/div>\n<\/div>\n <\/div><\/div>\n\n\n\n<div class=\"wp-block-greenshift-blocks-container gspb_container gspb_container-gsbp-70a27ed\" id=\"gspb_container-id-gsbp-70a27ed\"><\/div>","protected":false},"excerpt":{"rendered":"","protected":false},"author":4,"featured_media":0,"parent":0,"menu_order":0,"comment_status":"closed","ping_status":"closed","template":"","meta":{"_gspb_post_css":"#gspb_row-id-gsbp-2e13754{justify-content:space-between;margin-top:0;margin-bottom:0;display:flex;flex-wrap:wrap;align-content:flex-end;padding-bottom:40px;min-height:100vh;background-size:cover;background-repeat:no-repeat;background-position:45% 69%}#gspb_row-id-gsbp-2e13754>.gspb_row__content{display:flex;justify-content:space-between;margin:0 auto;width:100%;flex-wrap:wrap;max-width:1556px;align-items:flex-end}div[id^=gspb_col-id]{box-sizing:border-box;position:relative;padding:var(--gs-row-column-padding, 15px min(3vw, 20px))}@media (max-width:575.98px){#gspb_row-id-gsbp-2e13754{background-position:12% 71%}}#gspb_row-id-gsbp-2e13754{background-image:url(https:\/\/kongastay.com\/wp-content\/uploads\/2025\/05\/vidaus-taisykles-kongastay-susitarimai.webp);isolation:isolate}#gspb_row-id-gsbp-2e13754:hover{background-size:cover}#gspb_row-id-gsbp-2e13754>.gspb_backgroundOverlay{position:absolute;top:0;left:0;width:100%;height:100%;z-index:-1;background-image:linear-gradient(0deg,#0d0d0d 0,rgba(83,120,148,0) 30%)}#gspb_col-id-gsbp-1061abd.gspb_row__col--12{width:100%}@media (max-width:575.98px){#gspb_col-id-gsbp-1061abd.gspb_row__col--12{width:100%}}body #gspb_col-id-gsbp-1061abd.gspb_row__col--12{display:flex;flex-direction:column;align-content:center;align-items:center}#gspb_heading-id-gsbp-74a13bd,#gspb_heading-id-gsbp-74a13bd .gsap-g-line{text-align:center!important}#gspb_heading-id-gsbp-74a13bd{color:var(--wp--preset--color--palette-color-8, var(--theme-palette-color-8, #ffffff));margin-bottom:0}#gspb_heading-id-gsbp-0a1a015{font-size:20px}@media (max-width:575.98px){#gspb_heading-id-gsbp-0a1a015{font-size:16px}}#gspb_heading-id-gsbp-0a1a015,#gspb_heading-id-gsbp-0a1a015 .gsap-g-line{text-align:center!important}#gspb_heading-id-gsbp-0a1a015{color:var(--wp--preset--color--palette-color-8, var(--theme-palette-color-8, #ffffff));margin-top:6px;margin-bottom:0}.gspb_container-id-gsbp-16669e3{flex-direction:column;box-sizing:border-box}#gspb_container-id-gsbp-16669e3.gspb_container>p:last-of-type,#gspb_container-id-gsbp-55c45a8.gspb_container>p:last-of-type,#gspb_container-id-gsbp-5d4e447.gspb_container>p:last-of-type,#gspb_container-id-gsbp-70a27ed.gspb_container>p:last-of-type,#gspb_container-id-gsbp-d33bf36.gspb_container>p:last-of-type{margin-bottom:0}#gspb_container-id-gsbp-16669e3.gspb_container{position:relative;padding:20px 0 0;width:600px}@media (max-width:575.98px){#gspb_container-id-gsbp-16669e3.gspb_container{width:100%}}.gspb_text-id-gsbp-9f3c73c{font-size:12px;color:var(--wp--preset--color--palette-color-8, var(--theme-palette-color-8, #ffffff))}.gspb_text-id-gsbp-9f3c73c,.gspb_text-id-gsbp-9f3c73c .gsap-g-line{text-align:center!important}@media (max-width:575.98px){.gspb_text-id-gsbp-9f3c73c{padding-bottom:40px!important}}#gspb_row-id-gsbp-4e2f05c{justify-content:space-between;display:flex;flex-wrap:wrap;margin-top:80px;margin-bottom:60px}#gspb_row-id-gsbp-4e2f05c>.gspb_row__content{display:flex;justify-content:space-between;margin:0 auto;width:100%;flex-wrap:wrap;max-width:900px}@media (max-width:575.98px){#gspb_row-id-gsbp-4e2f05c{margin-top:60px}}#gspb_col-id-gsbp-b812d79.gspb_row__col--6{width:50%}@media (max-width:575.98px){#gspb_col-id-gsbp-b812d79.gspb_row__col--6{width:100%}}body #gspb_col-id-gsbp-b812d79.gspb_row__col--6{display:flex;flex-direction:column;justify-content:flex-start}#gspb_heading-id-gsbp-77412ae{font-size:var(--wp--preset--font-size--large)!important;text-align:center!important;margin-top:12px}#gspb_heading-id-gsbp-26ee776,#gspb_heading-id-gsbp-26ee776 .gsap-g-line,#gspb_heading-id-gsbp-77412ae .gsap-g-line,.gspb_text-id-gsbp-14526d7,.gspb_text-id-gsbp-14526d7 .gsap-g-line{text-align:center!important}#gspb_col-id-gsbp-b496b49.gspb_row__col--6{width:50%}@media (max-width:575.98px){#gspb_col-id-gsbp-b496b49.gspb_row__col--6{width:100%}}.gspb_row #gspb_col-id-gsbp-b496b49.gspb_row__col--6{padding:0}body #gspb_col-id-gsbp-b496b49.gspb_row__col--6{display:flex;flex-direction:column;justify-content:center}.gspb_text-id-gsbp-14526d7{margin-top:0!important}#gspb_row-id-gsbp-0377731{justify-content:space-between;display:flex;flex-wrap:wrap;margin-top:80px;margin-bottom:0}#gspb_row-id-gsbp-0377731>.gspb_row__content{display:flex;justify-content:space-between;margin:0 auto;width:100%;flex-wrap:wrap;max-width:1440px}.gspb_row{position:relative}@media (max-width:575.98px){#gspb_row-id-gsbp-0377731{margin-top:60px;margin-bottom:60px}}#gspb_col-id-gsbp-f2fa374.gspb_row__col--8{width:66.66666666666667%}@media (max-width:575.98px){#gspb_col-id-gsbp-f2fa374.gspb_row__col--8{width:100%}}@media (min-width:992px){body.gspb-bodyfront #gspb_col-id-gsbp-f2fa374.gspb_row__col--8{width:calc(59.99% - 0px - 0px)}}@media (max-width:575.98px){.gspb_row #gspb_col-id-gsbp-f2fa374.gspb_row__col--8{padding-right:0;padding-left:0}}body #gspb_col-id-gsbp-f2fa374.gspb_row__col--8{display:flex;flex-direction:column;row-gap:20px;column-gap:20px}.gspb_container-id-gsbp-55c45a8,.gspb_container-id-gsbp-5d4e447,.gspb_container-id-gsbp-70a27ed,.gspb_container-id-gsbp-d33bf36{flex-direction:column;box-sizing:border-box}#gspb_image-id-gsbp-6a7788a img{object-fit:cover;vertical-align:top;display:inline-block;box-sizing:border-box;max-width:100%;height:auto;aspect-ratio:2\/3}@media (max-width:991.98px){#gspb_image-id-gsbp-6a7788a img{aspect-ratio:2\/3}}@media (max-width:767.98px){#gspb_image-id-gsbp-6a7788a img{aspect-ratio:2\/3}}@media (max-width:575.98px){#gspb_image-id-gsbp-6a7788a img{aspect-ratio:2\/3}}#gspb_image-id-gsbp-d492c3c img{object-fit:cover;vertical-align:top;display:inline-block;box-sizing:border-box;max-width:100%;height:auto;aspect-ratio:2\/3}@media (max-width:991.98px){#gspb_image-id-gsbp-d492c3c img{aspect-ratio:2\/3}}@media (max-width:767.98px){#gspb_image-id-gsbp-d492c3c img{aspect-ratio:2\/3}}@media (max-width:575.98px){#gspb_image-id-gsbp-d492c3c img{aspect-ratio:2\/3}}#gspb_container-id-gsbp-55c45a8.gspb_container,#gspb_container-id-gsbp-5d4e447.gspb_container{position:relative;display:flex;flex-direction:row;column-gap:20px}#gspb_image-id-gsbp-91e4d55 img{object-fit:cover;vertical-align:top;display:inline-block;box-sizing:border-box;max-width:100%;height:auto;aspect-ratio:2\/3}@media (max-width:991.98px){#gspb_image-id-gsbp-91e4d55 img{aspect-ratio:2\/3}}@media (max-width:767.98px){#gspb_image-id-gsbp-91e4d55 img{aspect-ratio:2\/3}}@media (max-width:575.98px){#gspb_image-id-gsbp-91e4d55 img{aspect-ratio:2\/3}}#gspb_image-id-gsbp-539e47b img{object-fit:cover;vertical-align:top;display:inline-block;box-sizing:border-box;max-width:100%;height:auto;aspect-ratio:2\/3}@media (max-width:991.98px){#gspb_image-id-gsbp-539e47b img{aspect-ratio:2\/3}}@media (max-width:767.98px){#gspb_image-id-gsbp-539e47b img{aspect-ratio:2\/3}}@media (max-width:575.98px){#gspb_image-id-gsbp-539e47b img{aspect-ratio:2\/3}}#gspb_container-id-gsbp-d33bf36.gspb_container{position:relative;margin-top:-20px}@media (max-width:575.98px){body.gspb-bodyfront #gspb_container-id-gsbp-d33bf36.gspb_container{display:none!important}}@media (min-width:768px) and (max-width:991.98px){body.gspb-bodyfront #gspb_container-id-gsbp-d33bf36.gspb_container{display:none!important}}#gspb_col-id-gsbp-5c4740e.gspb_row__col--4{width:33.333333333333336%}@media (max-width:575.98px){#gspb_col-id-gsbp-5c4740e.gspb_row__col--4{width:100%}}@media (min-width:992px){body.gspb-bodyfront #gspb_col-id-gsbp-5c4740e.gspb_row__col--4{width:calc(40% - 0px - 0px)}}@media (max-width:575.98px){.gspb_row #gspb_col-id-gsbp-5c4740e.gspb_row__col--4{padding-right:0;padding-left:0}}#gspb_container-id-gsbp-70a27ed.gspb_container{position:relative}@media (min-width:992px){body.gspb-bodyfront #gspb_container-id-gsbp-70a27ed.gspb_container{display:none!important}}","footnotes":""},"class_list":["post-1340","page","type-page","status-publish","hentry"],"blocksy_meta":{"has_hero_section":"disabled","styles_descriptor":{"styles":{"desktop":"","tablet":"","mobile":""},"google_fonts":[],"version":6}},"_links":{"self":[{"href":"https:\/\/kongastay.com\/en\/wp-json\/wp\/v2\/pages\/1340","targetHints":{"allow":["GET"]}}],"collection":[{"href":"https:\/\/kongastay.com\/en\/wp-json\/wp\/v2\/pages"}],"about":[{"href":"https:\/\/kongastay.com\/en\/wp-json\/wp\/v2\/types\/page"}],"author":[{"embeddable":true,"href":"https:\/\/kongastay.com\/en\/wp-json\/wp\/v2\/users\/4"}],"replies":[{"embeddable":true,"href":"https:\/\/kongastay.com\/en\/wp-json\/wp\/v2\/comments?post=1340"}],"version-history":[{"count":52,"href":"https:\/\/kongastay.com\/en\/wp-json\/wp\/v2\/pages\/1340\/revisions"}],"predecessor-version":[{"id":8558,"href":"https:\/\/kongastay.com\/en\/wp-json\/wp\/v2\/pages\/1340\/revisions\/8558"}],"wp:attachment":[{"href":"https:\/\/kongastay.com\/en\/wp-json\/wp\/v2\/media?parent=1340"}],"curies":[{"name":"wp","href":"https:\/\/api.w.org\/{rel}","templated":true}]}}