{"id":1343,"date":"2024-01-17T10:37:55","date_gmt":"2024-01-17T10:37:55","guid":{"rendered":"https:\/\/kongastay.com\/?page_id=1343"},"modified":"2025-06-06T17:16:30","modified_gmt":"2025-06-06T14:16:30","slug":"duk","status":"publish","type":"page","link":"https:\/\/kongastay.com\/en\/duk\/","title":{"rendered":"F.A.Q."},"content":{"rendered":"<div class=\"wp-block-greenshift-blocks-row alignfull gspb_row gspb_row-id-gsbp-2e13754\" id=\"gspb_row-id-gsbp-2e13754\"><div class=\"gspb_backgroundOverlay\"><\/div><div class=\"gspb_row__content\"> \n<div class=\"wp-block-greenshift-blocks-row-column gspb_row__col--12 gspb_col-id-gsbp-1061abd\" id=\"gspb_col-id-gsbp-1061abd\">\n<h1 id=\"gspb_heading-id-gsbp-74a13bd\" class=\"gspb_heading gspb_heading-id-gsbp-74a13bd\">KONGA L<\/h1>\n\n\n\n<div id=\"a-scandinavian-style-wooden-kitchen-defined-by-minimalism\"><\/div><h2 id=\"gspb_heading-id-gsbp-0a1a015\" class=\"gspb_heading gspb_heading-id-gsbp-0a1a015\">F.A.Q.<\/h2>\n\n\n\n<div class=\"wp-block-greenshift-blocks-container gspb_container gspb_container-gsbp-16669e3\" id=\"gspb_container-id-gsbp-16669e3\">\n<p id=\"gspb_text-id-gsbp-9f3c73c\" class=\"gspb_text gspb_text-id-gsbp-9f3c73c\">Bedugn\u0117, kuri vis\u0105 maitina, i\u0161 kurios visa randasi<\/p>\n<\/div>\n<\/div>\n <\/div><\/div>\n\n\n\n<div class=\"wp-block-greenshift-blocks-row gspb_row gspb_row-id-gsbp-0377731\" id=\"gspb_row-id-gsbp-0377731\"><div class=\"gspb_row__content\"> \n<div class=\"wp-block-greenshift-blocks-row-column gspb_row__col--12 gspb_col-id-gsbp-f2fa374\" id=\"gspb_col-id-gsbp-f2fa374\">\n<div class=\"wp-block-greenshift-blocks-accordion gs-accordion gspb_accordion-id-gsbp-3c925eb\" id=\"gspb_accordion-id-gsbp-3c925eb\" >\n<div class=\"wp-block-greenshift-blocks-accordionitem gs-accordion-item gspb_accordionitem-gsbp-ff6f2af gsopen\" id=\"gspb_accordionitem-gsbp-ff6f2af\" itemscope><div id=\"gs-trigger-gsbp-3c925eb-0\" class=\"gs-accordion-item__title\" aria-expanded=\"true\" role=\"button\" tabindex=\"0\" aria-controls=\"gspb-accordion-item-content-gsbp-ff6f2af\"><div class=\"gs-accordion-item__heading\"><a>What is Konga Stay Bedugn\u0117?<\/a><\/div><meta itemprop=\"name\" content=\"<a&gt;Kas yra Konga Stay Bedugn\u0117?<\/a&gt;\"\/><span class=\"iconfortoggle\"><span class=\"gs-iconbefore\"><\/span><span class=\"gs-iconafter\"><\/span><\/span><\/div><div aria-labelledby=\"gs-trigger-gsbp-3c925eb-0\" class=\"gs-accordion-item__content\" itemscope id=\"gspb-accordion-item-content-gsbp-ff6f2af\" ><div class=\"gs-accordion-item__text\" itemprop=\"text\">\n<p>Tai Dani\u0161kas Vie\u0161butis Gamtoje, kurio architekt\u016bra ir vidaus interjeras buvo sukurtas bendradarbiaujant su Dan\u0173 architekte Mette Fredskild. Konga Stay yra&nbsp;28 kv. m. namelis,&nbsp;kuriame apgalvoti visi b\u016btinieji elementai komforti\u0161kai b\u016b\u010diai ir patyrimams gamtoje.<\/p>\n<\/div><\/div><\/div>\n\n\n\n<div class=\"wp-block-greenshift-blocks-accordionitem gs-accordion-item gspb_accordionitem-gsbp-3d729b4 gsclose\" id=\"gspb_accordionitem-gsbp-3d729b4\" itemscope><div id=\"gs-trigger-gsbp-3c925eb-1\" class=\"gs-accordion-item__title\" aria-expanded=\"false\" role=\"button\" tabindex=\"0\" aria-controls=\"gspb-accordion-item-content-gsbp-3d729b4\"><div class=\"gs-accordion-item__heading\"><a><a>How to book a Konga Stay cabin?<\/a><\/a><\/div><meta itemprop=\"name\" content=\"<a&gt;<a&gt;Kaip u\u017esisakyti Konga Stay namel\u012f?<\/a&gt;<\/a&gt;\"\/><span class=\"iconfortoggle\"><span class=\"gs-iconbefore\"><\/span><span class=\"gs-iconafter\"><\/span><\/span><\/div><div aria-labelledby=\"gs-trigger-gsbp-3c925eb-1\" class=\"gs-accordion-item__content\" itemscope id=\"gspb-accordion-item-content-gsbp-3d729b4\" ><div class=\"gs-accordion-item__text\" itemprop=\"text\">\n<p>Reservations are made directly through our website. Alternatively, contact us via email:&nbsp;<a href=\"mailto:Adrijus@kongastay.com\" target=\"_blank\" rel=\"noreferrer noopener\">Adrijus@kongastay.com<\/a><\/p>\n<\/div><\/div><\/div>\n\n\n\n<div class=\"wp-block-greenshift-blocks-accordionitem gs-accordion-item gspb_accordionitem-gsbp-3364808 gsclose\" id=\"gspb_accordionitem-gsbp-3364808\" itemscope><div id=\"gs-trigger-gsbp-3c925eb-2\" class=\"gs-accordion-item__title\" aria-expanded=\"false\" role=\"button\" tabindex=\"0\" aria-controls=\"gspb-accordion-item-content-gsbp-3364808\"><div class=\"gs-accordion-item__heading\"><a>What is the nightly rental price?<\/a><\/div><meta itemprop=\"name\" content=\"<a&gt;Kokia paros nuomos kaina?<\/a&gt;\"\/><span class=\"iconfortoggle\"><span class=\"gs-iconbefore\"><\/span><span class=\"gs-iconafter\"><\/span><\/span><\/div><div aria-labelledby=\"gs-trigger-gsbp-3c925eb-2\" class=\"gs-accordion-item__content\" itemscope id=\"gspb-accordion-item-content-gsbp-3364808\" ><div class=\"gs-accordion-item__text\" itemprop=\"text\">\n<p>The nightly rental price depends on the day of the week. Prices can be viewed directly in the reservation system.<\/p>\n<\/div><\/div><\/div>\n\n\n\n<div class=\"wp-block-greenshift-blocks-accordionitem gs-accordion-item gspb_accordionitem-gsbp-750cfb7 gsclose\" id=\"gspb_accordionitem-gsbp-750cfb7\" itemscope><div id=\"gs-trigger-gsbp-3c925eb-3\" class=\"gs-accordion-item__title\" aria-expanded=\"false\" role=\"button\" tabindex=\"0\" aria-controls=\"gspb-accordion-item-content-gsbp-750cfb7\"><div class=\"gs-accordion-item__heading\"><a>What is Bedugn\u0117?<\/a><\/div><meta itemprop=\"name\" content=\"<a&gt;Kas yra Bedugn\u0117?<\/a&gt;\"\/><span class=\"iconfortoggle\"><span class=\"gs-iconbefore\"><\/span><span class=\"gs-iconafter\"><\/span><\/span><\/div><div aria-labelledby=\"gs-trigger-gsbp-3c925eb-3\" class=\"gs-accordion-item__content\" itemscope id=\"gspb-accordion-item-content-gsbp-750cfb7\" ><div class=\"gs-accordion-item__text\" itemprop=\"text\">\n<p>Bedugn\u0117 yra kaimas, \u012fsik\u016br\u0119s Trak\u0173 rajone ir pasiekiamas automobiliu vos per&nbsp;25 min. nuo Vilniaus miesto.<\/p>\n<\/div><\/div><\/div>\n\n\n\n<div class=\"wp-block-greenshift-blocks-accordionitem gs-accordion-item gspb_accordionitem-gsbp-b2b9ac5 gsclose\" id=\"gspb_accordionitem-gsbp-b2b9ac5\" itemscope><div id=\"gs-trigger-gsbp-3c925eb-4\" class=\"gs-accordion-item__title\" aria-expanded=\"false\" role=\"button\" tabindex=\"0\" aria-controls=\"gspb-accordion-item-content-gsbp-b2b9ac5\"><div class=\"gs-accordion-item__heading\"><a>How many people can stay at Konga Stay?<\/a><\/div><meta itemprop=\"name\" content=\"<a&gt;Kiek \u017emoni\u0173 gali apsigyventi Konga Stay?<\/a&gt;\"\/><span class=\"iconfortoggle\"><span class=\"gs-iconbefore\"><\/span><span class=\"gs-iconafter\"><\/span><\/span><\/div><div aria-labelledby=\"gs-trigger-gsbp-3c925eb-4\" class=\"gs-accordion-item__content\" itemscope id=\"gspb-accordion-item-content-gsbp-b2b9ac5\" ><div class=\"gs-accordion-item__text\" itemprop=\"text\">\n<p>Konga Stay is designed for the comfortable accommodation of two people.<\/p>\n<\/div><\/div><\/div>\n\n\n\n<div class=\"wp-block-greenshift-blocks-accordionitem gs-accordion-item gspb_accordionitem-gsbp-823abea gsclose\" id=\"gspb_accordionitem-gsbp-823abea\" itemscope><div id=\"gs-trigger-gsbp-3c925eb-5\" class=\"gs-accordion-item__title\" aria-expanded=\"false\" role=\"button\" tabindex=\"0\" aria-controls=\"gspb-accordion-item-content-gsbp-823abea\"><div class=\"gs-accordion-item__heading\"><a>Is it safe in Bedugn\u0117?<\/a><\/div><meta itemprop=\"name\" content=\"<a&gt;Ar saugu Bedugn\u0117je?<\/a&gt;\"\/><span class=\"iconfortoggle\"><span class=\"gs-iconbefore\"><\/span><span class=\"gs-iconafter\"><\/span><\/span><\/div><div aria-labelledby=\"gs-trigger-gsbp-3c925eb-5\" class=\"gs-accordion-item__content\" itemscope id=\"gspb-accordion-item-content-gsbp-823abea\" ><div class=\"gs-accordion-item__text\" itemprop=\"text\">\n<p>20 met\u0173 \u010dia ir aplink n\u0117ra buv\u0119 nei vienos vagyst\u0117s, aplink esantys kaimynai \u2013 geri \u017emon\u0117s. Jauskit\u0117s visi\u0161kai saug\u0173s.<\/p>\n<\/div><\/div><\/div>\n\n\n\n<div class=\"wp-block-greenshift-blocks-accordionitem gs-accordion-item gspb_accordionitem-gsbp-5d1a929 gsclose\" id=\"gspb_accordionitem-gsbp-5d1a929\" itemscope><div id=\"gs-trigger-gsbp-3c925eb-6\" class=\"gs-accordion-item__title\" aria-expanded=\"false\" role=\"button\" tabindex=\"0\" aria-controls=\"gspb-accordion-item-content-gsbp-5d1a929\"><div class=\"gs-accordion-item__heading\"><a>Is it peaceful in Bedugn\u0117?<\/a><\/div><meta itemprop=\"name\" content=\"<a&gt;Ar ramu Bedugn\u0117je?<\/a&gt;\"\/><span class=\"iconfortoggle\"><span class=\"gs-iconbefore\"><\/span><span class=\"gs-iconafter\"><\/span><\/span><\/div><div aria-labelledby=\"gs-trigger-gsbp-3c925eb-6\" class=\"gs-accordion-item__content\" itemscope id=\"gspb-accordion-item-content-gsbp-5d1a929\" ><div class=\"gs-accordion-item__text\" itemprop=\"text\">\n<p>Yes. You will only hear the rustling of trees and birds.<\/p>\n<\/div><\/div><\/div>\n\n\n\n<div class=\"wp-block-greenshift-blocks-accordionitem gs-accordion-item gspb_accordionitem-gsbp-1791882 gsclose\" id=\"gspb_accordionitem-gsbp-1791882\" itemscope><div id=\"gs-trigger-gsbp-3c925eb-7\" class=\"gs-accordion-item__title\" aria-expanded=\"false\" role=\"button\" tabindex=\"0\" aria-controls=\"gspb-accordion-item-content-gsbp-1791882\"><div class=\"gs-accordion-item__heading\"><a>What is the best season to visit Bedugn\u0117?<\/a><\/div><meta itemprop=\"name\" content=\"<a&gt;Koks met\u0173 laikas tinkamiausias aplankyti Bedugn\u0119?<\/a&gt;\"\/><span class=\"iconfortoggle\"><span class=\"gs-iconbefore\"><\/span><span class=\"gs-iconafter\"><\/span><\/span><\/div><div aria-labelledby=\"gs-trigger-gsbp-3c925eb-7\" class=\"gs-accordion-item__content\" itemscope id=\"gspb-accordion-item-content-gsbp-1791882\" ><div class=\"gs-accordion-item__text\" itemprop=\"text\">\n<p>Konga Stay Bedugn\u0117 is suitable for all seasons. During the spring-summer season, you can enjoy the terrace and the experience of being in nature. The cabin is equipped with an air conditioner. In the autumn and winter, the stove and air-to-air heating system provide warmth.<\/p>\n<\/div><\/div><\/div>\n\n\n\n<div class=\"wp-block-greenshift-blocks-accordionitem gs-accordion-item gspb_accordionitem-gsbp-04c06d3 gsclose\" id=\"gspb_accordionitem-gsbp-04c06d3\" itemscope><div id=\"gs-trigger-gsbp-3c925eb-8\" class=\"gs-accordion-item__title\" aria-expanded=\"false\" role=\"button\" tabindex=\"0\" aria-controls=\"gspb-accordion-item-content-gsbp-04c06d3\"><div class=\"gs-accordion-item__heading\"><a>What to do at Konga Stay Bedugn\u0117?<\/a><\/div><meta itemprop=\"name\" content=\"<a&gt;K\u0105 veikti Konga Stay Bedugn\u0117je?<\/a&gt;\"\/><span class=\"iconfortoggle\"><span class=\"gs-iconbefore\"><\/span><span class=\"gs-iconafter\"><\/span><\/span><\/div><div aria-labelledby=\"gs-trigger-gsbp-3c925eb-8\" class=\"gs-accordion-item__content\" itemscope id=\"gspb-accordion-item-content-gsbp-04c06d3\" ><div class=\"gs-accordion-item__text\" itemprop=\"text\">\n<p>Our main goal is to provide a quality space for personal time and nature experiences. Everything here is related to being in the present moment. We recommend doing things that we usually don't have time for in everyday life: sleeping in late, slowly enjoying homemade breakfast, observing nature, spending time for self-reflection, indulging in creativity, taking walks in the forest, listening to the sounds of the forest, and watching the stars in the evening.<\/p>\n<\/div><\/div><\/div>\n\n\n\n<div class=\"wp-block-greenshift-blocks-accordionitem gs-accordion-item gspb_accordionitem-gsbp-df5bd9e gsclose\" id=\"gspb_accordionitem-gsbp-df5bd9e\" itemscope><div id=\"gs-trigger-gsbp-3c925eb-9\" class=\"gs-accordion-item__title\" aria-expanded=\"false\" role=\"button\" tabindex=\"0\" aria-controls=\"gspb-accordion-item-content-gsbp-df5bd9e\"><div class=\"gs-accordion-item__heading\"><a>How to arrive and where to park the car?<\/a><\/div><meta itemprop=\"name\" content=\"<a&gt;Kaip atvykti ir kur parkuoti automobil\u012f?<\/a&gt;\"\/><span class=\"iconfortoggle\"><span class=\"gs-iconbefore\"><\/span><span class=\"gs-iconafter\"><\/span><\/span><\/div><div aria-labelledby=\"gs-trigger-gsbp-3c925eb-9\" class=\"gs-accordion-item__content\" itemscope id=\"gspb-accordion-item-content-gsbp-df5bd9e\" ><div class=\"gs-accordion-item__text\" itemprop=\"text\">\n<p>Follow the Google Maps navigation. Our coordinates are: 54.58401741345727, 25.00029255767103. There is a designated parking area next to the cabin.<\/p>\n<\/div><\/div><\/div>\n\n\n\n<div class=\"wp-block-greenshift-blocks-accordionitem gs-accordion-item gspb_accordionitem-gsbp-ce45be5 gsclose\" id=\"gspb_accordionitem-gsbp-ce45be5\" itemscope><div id=\"gs-trigger-gsbp-3c925eb-10\" class=\"gs-accordion-item__title\" aria-expanded=\"false\" role=\"button\" tabindex=\"0\" aria-controls=\"gspb-accordion-item-content-gsbp-ce45be5\"><div class=\"gs-accordion-item__heading\"><a>Are all necessary cooking utensils available?<\/a><\/div><meta itemprop=\"name\" content=\"<a&gt;Ar yra visos priemon\u0117s maisto gamybai?<\/a&gt;\"\/><span class=\"iconfortoggle\"><span class=\"gs-iconbefore\"><\/span><span class=\"gs-iconafter\"><\/span><\/span><\/div><div aria-labelledby=\"gs-trigger-gsbp-3c925eb-10\" class=\"gs-accordion-item__content\" itemscope id=\"gspb-accordion-item-content-gsbp-ce45be5\" ><div class=\"gs-accordion-item__text\" itemprop=\"text\">\n<p>The kitchen is fully equipped with everything you need, except for an oven. However, we do have a grill outdoors.<\/p>\n<\/div><\/div><\/div>\n\n\n\n<div class=\"wp-block-greenshift-blocks-accordionitem gs-accordion-item gspb_accordionitem-gsbp-85c9e53 gsclose\" id=\"gspb_accordionitem-gsbp-85c9e53\" itemscope><div id=\"gs-trigger-gsbp-3c925eb-11\" class=\"gs-accordion-item__title\" aria-expanded=\"false\" role=\"button\" tabindex=\"0\" aria-controls=\"gspb-accordion-item-content-gsbp-85c9e53\"><div class=\"gs-accordion-item__heading\"><a>Is the water drinkable?<\/a><\/div><meta itemprop=\"name\" content=\"<a&gt;Ar vanduo geriamas?<\/a&gt;\"\/><span class=\"iconfortoggle\"><span class=\"gs-iconbefore\"><\/span><span class=\"gs-iconafter\"><\/span><\/span><\/div><div aria-labelledby=\"gs-trigger-gsbp-3c925eb-11\" class=\"gs-accordion-item__content\" itemscope id=\"gspb-accordion-item-content-gsbp-85c9e53\" ><div class=\"gs-accordion-item__text\" itemprop=\"text\">\n<p>Yes.<\/p>\n<\/div><\/div><\/div>\n\n\n\n<div class=\"wp-block-greenshift-blocks-accordionitem gs-accordion-item gspb_accordionitem-gsbp-49718b5 gsclose\" id=\"gspb_accordionitem-gsbp-49718b5\" itemscope><div id=\"gs-trigger-gsbp-3c925eb-12\" class=\"gs-accordion-item__title\" aria-expanded=\"false\" role=\"button\" tabindex=\"0\" aria-controls=\"gspb-accordion-item-content-gsbp-49718b5\"><div class=\"gs-accordion-item__heading\"><a>Is there a bathroom?<\/a><\/div><meta itemprop=\"name\" content=\"<a&gt;Ar yra vonios kambarys?<\/a&gt;\"\/><span class=\"iconfortoggle\"><span class=\"gs-iconbefore\"><\/span><span class=\"gs-iconafter\"><\/span><\/span><\/div><div aria-labelledby=\"gs-trigger-gsbp-3c925eb-12\" class=\"gs-accordion-item__content\" itemscope id=\"gspb-accordion-item-content-gsbp-49718b5\" ><div class=\"gs-accordion-item__text\" itemprop=\"text\">\n<p>Yes. Konga Stay has a shower, or you can swim in the nearby lake.<\/p>\n<\/div><\/div><\/div>\n\n\n\n<div class=\"wp-block-greenshift-blocks-accordionitem gs-accordion-item gspb_accordionitem-gsbp-8456f12 gsclose\" id=\"gspb_accordionitem-gsbp-8456f12\" itemscope><div id=\"gs-trigger-gsbp-3c925eb-13\" class=\"gs-accordion-item__title\" aria-expanded=\"false\" role=\"button\" tabindex=\"0\" aria-controls=\"gspb-accordion-item-content-gsbp-8456f12\"><div class=\"gs-accordion-item__heading\"><a>How to proceed if something isn't working or I don't understand?<\/a><\/div><meta itemprop=\"name\" content=\"<a&gt;Kaip elgtis, jei ka\u017ekas neveikia ar nesuprantu?<\/a&gt;\"\/><span class=\"iconfortoggle\"><span class=\"gs-iconbefore\"><\/span><span class=\"gs-iconafter\"><\/span><\/span><\/div><div aria-labelledby=\"gs-trigger-gsbp-3c925eb-13\" class=\"gs-accordion-item__content\" itemscope id=\"gspb-accordion-item-content-gsbp-8456f12\" ><div class=\"gs-accordion-item__text\" itemprop=\"text\">\n<p><br>Please inform us by contacting us:&nbsp;<a href=\"tel:+37062958921\">+37062958921<\/a>.<\/p>\n<\/div><\/div><\/div>\n\n\n\n<div class=\"wp-block-greenshift-blocks-accordionitem gs-accordion-item gspb_accordionitem-gsbp-1b74fb6 gsclose\" id=\"gspb_accordionitem-gsbp-1b74fb6\" itemscope><div id=\"gs-trigger-gsbp-3c925eb-14\" class=\"gs-accordion-item__title\" aria-expanded=\"false\" role=\"button\" tabindex=\"0\" aria-controls=\"gspb-accordion-item-content-gsbp-1b74fb6\"><div class=\"gs-accordion-item__heading\"><a>Can I have a photoshoot at Konga Stay Bedugn\u0117?<\/a><\/div><meta itemprop=\"name\" content=\"<a&gt;Ar galima fotosesija Konga Stay Bedugn\u0117je?<\/a&gt;\"\/><span class=\"iconfortoggle\"><span class=\"gs-iconbefore\"><\/span><span class=\"gs-iconafter\"><\/span><\/span><\/div><div aria-labelledby=\"gs-trigger-gsbp-3c925eb-14\" class=\"gs-accordion-item__content\" itemscope id=\"gspb-accordion-item-content-gsbp-1b74fb6\" ><div class=\"gs-accordion-item__text\" itemprop=\"text\">\n<p>To have a photoshoot at Konga Stay Bedugn\u0117 or its territory, it is necessary to arrange it in advance. Contact: Paulius@kongastay.com&nbsp;<\/p>\n<\/div><\/div><\/div>\n<\/div>\n\n\n\n<div class=\"wp-block-greenshift-blocks-row alignfull gspb_row gspb_row-id-gsbp-5e731a5\" id=\"gspb_row-id-gsbp-5e731a5\">\n<div class=\"wp-block-greenshift-blocks-row-column gspb_row__col--12 gspb_col-id-gsbp-c37a502\" id=\"gspb_col-id-gsbp-c37a502\"><\/div>\n<\/div>\n<\/div>\n <\/div><\/div>","protected":false},"excerpt":{"rendered":"","protected":false},"author":4,"featured_media":0,"parent":0,"menu_order":0,"comment_status":"closed","ping_status":"closed","template":"","meta":{"_gspb_post_css":"#gspb_row-id-gsbp-2e13754{justify-content:space-between;margin-top:0;margin-bottom:0;display:flex;flex-wrap:wrap;align-content:flex-end;padding-bottom:40px;min-height:100vh;background-size:cover;background-repeat:no-repeat;background-position:45% 69%}#gspb_row-id-gsbp-2e13754>.gspb_row__content{display:flex;justify-content:space-between;margin:0 auto;width:100%;flex-wrap:wrap;max-width:1556px;align-items:flex-end}div[id^=gspb_col-id]{box-sizing:border-box;position:relative;padding:var(--gs-row-column-padding, 15px min(3vw, 20px))}@media (max-width:575.98px){#gspb_row-id-gsbp-2e13754{background-position:12% 71%}}#gspb_row-id-gsbp-2e13754{background-image:url(https:\/\/kongastay.com\/wp-content\/uploads\/2025\/05\/DUK-kongastay-klausymai-1.webp);isolation:isolate}#gspb_row-id-gsbp-2e13754:hover{background-size:cover}#gspb_row-id-gsbp-2e13754>.gspb_backgroundOverlay{position:absolute;top:0;left:0;width:100%;height:100%;z-index:-1;background-image:linear-gradient(0deg,#0d0d0d 0,rgba(83,120,148,0) 30%)}#gspb_col-id-gsbp-1061abd.gspb_row__col--12{width:100%}@media (max-width:575.98px){#gspb_col-id-gsbp-1061abd.gspb_row__col--12{width:100%}}body #gspb_col-id-gsbp-1061abd.gspb_row__col--12{display:flex;flex-direction:column;align-content:center;align-items:center}#gspb_heading-id-gsbp-74a13bd,#gspb_heading-id-gsbp-74a13bd .gsap-g-line{text-align:center!important}#gspb_heading-id-gsbp-74a13bd{color:var(--wp--preset--color--palette-color-8, var(--theme-palette-color-8, #ffffff));margin-bottom:0}#gspb_heading-id-gsbp-0a1a015{font-size:20px}@media (max-width:575.98px){#gspb_heading-id-gsbp-0a1a015{font-size:16px}}#gspb_heading-id-gsbp-0a1a015,#gspb_heading-id-gsbp-0a1a015 .gsap-g-line{text-align:center!important}#gspb_heading-id-gsbp-0a1a015{color:var(--wp--preset--color--palette-color-8, var(--theme-palette-color-8, #ffffff));margin-top:6px;margin-bottom:0}.gspb_container-id-gsbp-16669e3{flex-direction:column;box-sizing:border-box}#gspb_container-id-gsbp-16669e3.gspb_container>p:last-of-type{margin-bottom:0}#gspb_container-id-gsbp-16669e3.gspb_container{position:relative;padding:20px 0 0;width:600px}@media (max-width:575.98px){#gspb_container-id-gsbp-16669e3.gspb_container{width:100%}}.gspb_text-id-gsbp-9f3c73c{font-size:12px;color:var(--wp--preset--color--palette-color-8, var(--theme-palette-color-8, #ffffff))}.gspb_text-id-gsbp-9f3c73c,.gspb_text-id-gsbp-9f3c73c .gsap-g-line{text-align:center!important}@media (max-width:575.98px){.gspb_text-id-gsbp-9f3c73c{padding-bottom:40px!important}}#gspb_row-id-gsbp-0377731{justify-content:space-between;display:flex;flex-wrap:wrap;margin-top:80px;margin-bottom:82px}#gspb_row-id-gsbp-0377731>.gspb_row__content{display:flex;justify-content:space-between;margin:0 auto;width:100%;flex-wrap:wrap;max-width:900px}.gspb_row{position:relative}@media (max-width:575.98px){#gspb_row-id-gsbp-0377731{margin-top:60px;margin-bottom:60px}}#gspb_col-id-gsbp-f2fa374.gspb_row__col--12{width:100%}@media (max-width:575.98px){#gspb_col-id-gsbp-f2fa374.gspb_row__col--12{width:100%}.gspb_row #gspb_col-id-gsbp-f2fa374.gspb_row__col--12{padding-right:0;padding-left:0}}#gspb_accordion-id-gsbp-3c925eb .gs-accordion-item.gsclose>.gs-accordion-item__content{overflow:hidden;opacity:0}#gspb_accordion-id-gsbp-3c925eb .gs-accordion-item.gsopen>.gs-accordion-item__content{opacity:1;max-height:5000px}#gspb_accordion-id-gsbp-3c925eb .gs-accordion-item>.gs-accordion-item__title>.gs-accordion-item__heading{outline:0;text-decoration:none;margin:0!important;padding:0!important;flex-grow:1}#gspb_accordion-id-gsbp-3c925eb .gs-accordion-item>.gs-accordion-item__title{z-index:1;margin:0;cursor:pointer;transition:all .3s ease-in-out;position:relative;display:flex;justify-content:space-between;align-items:center;flex-wrap:nowrap}#gspb_accordion-id-gsbp-3c925eb .gs-accordion-item>.gs-accordion-item__content{z-index:0;position:relative;max-height:0;will-change:max-height;transition:all .25s ease-out}#gspb_accordion-id-gsbp-3c925eb .gs-accordion-item>.gs-accordion-item__content,#gspb_accordion-id-gsbp-3c925eb .gs-accordion-item>.gs-accordion-item__title{border-bottom-style:solid;border-bottom-width:1px;border-bottom-color:#78615569}#gspb_accordion-id-gsbp-3c925eb .gs-accordion-item.gsopen>.gs-accordion-item__title{border-bottom-color:#00000000}#gspb_accordion-id-gsbp-3c925eb .gs-accordion-item>.gs-accordion-item__content{border-top-style:solid;border-top-width:1px;border-top-color:#00000000}#gspb_accordion-id-gsbp-3c925eb .gs-accordion-item>.gs-accordion-item__title span.iconfortoggle{margin-left:15px;display:inline-block;height:14px;width:14px;position:relative}#gspb_accordion-id-gsbp-3c925eb .gs-accordion-item{margin-bottom:0}#gspb_accordion-id-gsbp-3c925eb .gs-accordion-item>.gs-accordion-item__content>.gs-accordion-item__text,#gspb_accordion-id-gsbp-3c925eb .gs-accordion-item>.gs-accordion-item__title{padding:15px 20px}.gs-accordion .gs-accordion-item.gsopen .gs-accordion-item__title .gs-iconafter{transform:rotate(0)}.gs-accordion .gs-accordion-item__title span.iconfortoggle .gs-iconafter,.gs-accordion .gs-accordion-item__title span.iconfortoggle .gs-iconbefore{content:'';width:14px;height:2px;border-radius:2px;background-color:#111;position:absolute;top:6px;left:0}.gs-accordion .gs-accordion-item__title span.iconfortoggle .gs-iconafter{transform:rotate(90deg);transition:all .3s ease-in-out}#gspb_row-id-gsbp-5e731a5{margin-top:0;margin-bottom:0;display:flex;flex-wrap:wrap;justify-content:center}#gspb_row-id-gsbp-5e731a5>.gspb_row__content{display:flex;justify-content:space-between;margin:0 auto;width:100%;flex-wrap:wrap}#gspb_col-id-gsbp-c37a502.gspb_row__col--12{width:100%}@media (max-width:575.98px){#gspb_col-id-gsbp-c37a502.gspb_row__col--12{width:100%}}.gspb_row #gspb_col-id-gsbp-c37a502.gspb_row__col--12{margin-top:40px;padding-right:0;padding-bottom:0;padding-left:0}body #gspb_col-id-gsbp-c37a502.gspb_row__col--12{display:flex;flex-direction:column;justify-content:flex-end;align-items:center}","footnotes":""},"class_list":["post-1343","page","type-page","status-publish","hentry"],"blocksy_meta":{"has_hero_section":"disabled","styles_descriptor":{"styles":{"desktop":"","tablet":"","mobile":""},"google_fonts":[],"version":6}},"_links":{"self":[{"href":"https:\/\/kongastay.com\/en\/wp-json\/wp\/v2\/pages\/1343","targetHints":{"allow":["GET"]}}],"collection":[{"href":"https:\/\/kongastay.com\/en\/wp-json\/wp\/v2\/pages"}],"about":[{"href":"https:\/\/kongastay.com\/en\/wp-json\/wp\/v2\/types\/page"}],"author":[{"embeddable":true,"href":"https:\/\/kongastay.com\/en\/wp-json\/wp\/v2\/users\/4"}],"replies":[{"embeddable":true,"href":"https:\/\/kongastay.com\/en\/wp-json\/wp\/v2\/comments?post=1343"}],"version-history":[{"count":204,"href":"https:\/\/kongastay.com\/en\/wp-json\/wp\/v2\/pages\/1343\/revisions"}],"predecessor-version":[{"id":8463,"href":"https:\/\/kongastay.com\/en\/wp-json\/wp\/v2\/pages\/1343\/revisions\/8463"}],"wp:attachment":[{"href":"https:\/\/kongastay.com\/en\/wp-json\/wp\/v2\/media?parent=1343"}],"curies":[{"name":"wp","href":"https:\/\/api.w.org\/{rel}","templated":true}]}}