{"id":3,"date":"2024-01-12T12:35:08","date_gmt":"2024-01-12T12:35:08","guid":{"rendered":"https:\/\/kongastay.com\/?page_id=3"},"modified":"2025-06-09T11:18:49","modified_gmt":"2025-06-09T08:18:49","slug":"privatumo-politika","status":"publish","type":"page","link":"https:\/\/kongastay.com\/en\/privatumo-politika\/","title":{"rendered":"Privacy Policy"},"content":{"rendered":"<div class=\"wp-block-greenshift-blocks-row alignfull gspb_row gspb_row-id-gsbp-2e13754\" id=\"gspb_row-id-gsbp-2e13754\"><div class=\"gspb_backgroundOverlay\"><\/div><div class=\"gspb_row__content\"> \n<div class=\"wp-block-greenshift-blocks-row-column gspb_row__col--12 gspb_col-id-gsbp-1061abd\" id=\"gspb_col-id-gsbp-1061abd\">\n<h1 id=\"gspb_heading-id-gsbp-74a13bd\" class=\"gspb_heading gspb_heading-id-gsbp-74a13bd\">KONGA STAY<\/h1>\n\n\n\n<div id=\"a-scandinavian-style-wooden-kitchen-defined-by-minimalism\"><\/div><h2 id=\"gspb_heading-id-gsbp-0a1a015\" class=\"gspb_heading gspb_heading-id-gsbp-0a1a015\">Privacy Policy<\/h2>\n\n\n\n<div class=\"wp-block-greenshift-blocks-container gspb_container gspb_container-gsbp-16669e3\" id=\"gspb_container-id-gsbp-16669e3\">\n<p id=\"gspb_text-id-gsbp-9f3c73c\" class=\"gspb_text gspb_text-id-gsbp-9f3c73c\">Bedugn\u0117, kuri vis\u0105 maitina, i\u0161 kurios visa randasi<\/p>\n<\/div>\n<\/div>\n <\/div><\/div>\n\n\n\n<div class=\"wp-block-greenshift-blocks-row gspb_row gspb_row-id-gsbp-4e2f05c\" id=\"gspb_row-id-gsbp-4e2f05c\"><div class=\"gspb_row__content\"> \n<div class=\"wp-block-greenshift-blocks-row-column gspb_row__col--6 gspb_col-id-gsbp-b812d79\" id=\"gspb_col-id-gsbp-b812d79\">\n<h2 id=\"gspb_heading-id-gsbp-77412ae\" class=\"gspb_heading gspb_heading-id-gsbp-77412ae\">Saugome <br>J\u016bs\u0173 privatum\u0105<\/h2>\n\n\n\n<p id=\"gspb_heading-id-gsbp-26ee776\" class=\"gspb_heading gspb_heading-id-gsbp-26ee776\">Konga Stay<\/p>\n<\/div>\n\n\n\n<div class=\"wp-block-greenshift-blocks-row-column gspb_row__col--6 gspb_col-id-gsbp-b496b49\" id=\"gspb_col-id-gsbp-b496b49\">\n<p id=\"gspb_text-id-gsbp-14526d7\" class=\"gspb_text gspb_text-id-gsbp-14526d7\">Mums svarbu, kad Konga Stay b\u016bt\u0173 erdv\u0117, kurioje gera b\u016bti \u2013 ne tik fizi\u0161kai, bet ir jaustis saugiai d\u0117l savo asmenin\u0117s informacijos. Norime, kad J\u016bs\u0173 duomenys \u010dia b\u016bt\u0173 saug\u016bs, privatumas \u2013 gerbiamas, o informacija \u2013 konfidenciali.<br><br>Kvie\u010diame perskaityti ir susipa\u017einti.<\/p>\n<\/div>\n <\/div><\/div>\n\n\n\n<div class=\"wp-block-greenshift-blocks-row gspb_row gspb_row-id-gsbp-0377731\" id=\"gspb_row-id-gsbp-0377731\"><div class=\"gspb_row__content\"> \n<div class=\"wp-block-greenshift-blocks-row-column gspb_row__col--8 gspb_col-id-gsbp-f2fa374\" id=\"gspb_col-id-gsbp-f2fa374\">\n<div class=\"wp-block-greenshift-blocks-container gspb_container gspb_container-gsbp-55c45a8\" id=\"gspb_container-id-gsbp-55c45a8\">\n<div class=\"wp-block-greenshift-blocks-image gspb_image gspb_image-id-gsbp-d492c3c\" id=\"gspb_image-id-gsbp-d492c3c\"><img decoding=\"async\" src=\"https:\/\/kongastay.com\/wp-content\/uploads\/2025\/05\/konga-stay-daniskas-viesbutis-gamtoje-vakarojimas-scaled.webp\" data-src=\"\" alt=\"\" loading=\"lazy\" width=\"1707\" height=\"2560\"\/><\/div>\n\n\n\n<div class=\"wp-block-greenshift-blocks-image gspb_image gspb_image-id-gsbp-6a7788a\" id=\"gspb_image-id-gsbp-6a7788a\"><img decoding=\"async\" src=\"https:\/\/kongastay.com\/wp-content\/uploads\/2025\/05\/konga-stay-daniskas-viesbutis-gamtoje-stebejimas-gamtos-scaled.webp\" data-src=\"\" alt=\"\" loading=\"lazy\" width=\"1707\" height=\"2560\"\/><\/div>\n<\/div>\n\n\n\n<div class=\"wp-block-greenshift-blocks-container gspb_container gspb_container-gsbp-5d4e447\" id=\"gspb_container-id-gsbp-5d4e447\">\n<div class=\"wp-block-greenshift-blocks-image gspb_image gspb_image-id-gsbp-91e4d55\" id=\"gspb_image-id-gsbp-91e4d55\"><img decoding=\"async\" src=\"https:\/\/kongastay.com\/wp-content\/uploads\/2025\/05\/konga-stay-daniskas-viesbutis-gamtoje-sukurine-vonia-scaled.webp\" data-src=\"\" alt=\"\" loading=\"lazy\" width=\"1707\" height=\"2560\"\/><\/div>\n\n\n\n<div class=\"wp-block-greenshift-blocks-image gspb_image gspb_image-id-gsbp-539e47b\" id=\"gspb_image-id-gsbp-539e47b\"><img decoding=\"async\" src=\"https:\/\/kongastay.com\/wp-content\/uploads\/2025\/05\/konga-stay-daniskas-viesbutis-gamtoje-stebeti-dangu.webp\" data-src=\"\" alt=\"\" loading=\"lazy\" width=\"1702\" height=\"2553\"\/><\/div>\n<\/div>\n\n\n\n<div class=\"wp-block-greenshift-blocks-container gspb_container gspb_container-gsbp-d33bf36\" id=\"gspb_container-id-gsbp-d33bf36\"><\/div>\n<\/div>\n\n\n\n<div class=\"wp-block-greenshift-blocks-row-column gspb_row__col--4 gspb_col-id-gsbp-5c4740e\" id=\"gspb_col-id-gsbp-5c4740e\">\n<div id=\"gspb_text-id-gsbp-37da8a6\" class=\"gspb_text gspb_text-id-gsbp-37da8a6\"><strong>Privacy Policy<\/strong><br>What information do we collect?<br>We may collect, store, and use the following types of information:<br>\u2022 Information about your computer and your visits to this website and usage of this website (including your IP address, geographical location, browser type, referral source, duration of visit, and number of page views);<br>\u2022 Information that you provide to us for the purpose of subscribing to our website services, email notifications, and\/or newsletters;<br>\u2022 Any other information that you voluntarily send to us.<br>Cookies<br>Slapuk\u0105 sudaro informacija, tinklo tarnybin\u0117s stoties siun\u010diama interneto nar\u0161yklei ir laikoma nar\u0161ykl\u0117s. \u0160i informacija v\u0117liau siun\u010diama atgal tarnybinei sto\u010diai kaskart kai nar\u0161ykl\u0117 papra\u0161o puslapio i\u0161 tos tarnybin\u0117s stoties. Tai leid\u017eia tai tinklo tarnybinei sto\u010diai identifikuoti ir sekti interneto nar\u0161ykl\u0119. Mes naudojame Google Analytics naudojimuisi \u0161ia interneto svetaine analizuoti. Google Analytics generuoja statistin\u0119 ir kit\u0105 informacij\u0105 apie naudojim\u0105si svetaine panaudodama slapukus, kurie laikomi vartotoj\u0173 kompiuteriuose. Generuojama su m\u016bs\u0173 interneto svetaine susijusi informacija yra naudojama kurti ataskaitas apie naudojim\u0105si \u0161ia interneto svetaine. \u0160i\u0105 informacij\u0105 laikys Google. Google privatumo politika prieinama \u010dia: http:\/\/www.google.com\/privacypolicy.html . Pas mus besireklamuojantieji arba mok\u0117jimo paslaug\u0173 teik\u0117jai irgi gali si\u0173sti Jums slapukus. Savo interneto svetain\u0117je mes skelbiame Google Adsense interesais paremtas reklamas. Jas taip, kad atspind\u0117t\u0173 J\u016bs\u0173 interesus, parenka Google. Kad nustatyt\u0173 J\u016bs\u0173 interesus, Google seks J\u016bs\u0173 elges\u012f internete naudodama slapukus. J\u016bs galite per\u017ei\u016br\u0117ti, i\u0161trinti ir prid\u0117ti interes\u0173 kategorijas, susietas su J\u016bs\u0173 nar\u0161ykle, naudodami Google bendrov\u0117s Ads Preference Manager, kur\u012f galima rasti adresu http:\/\/www.google.com\/ads\/preferences\/. J\u016bs galite atsisakyti Adsense partneri\u0173 tinklo slapuko adresu http:\/\/www.google.com\/privacy_ads.html . Ta\u010diau \u0161iame atsisakymo mechanizme naudojamas slapukas, ir jeigu J\u016bs i\u0161trinsite slapukus i\u0161 savo kompiuterio, tai J\u016bs\u0173 atsisakymas nebus i\u0161saugotas. Kad u\u017esitikrintum\u0117te, jog atsisakymas b\u016bt\u0173 i\u0161saugotas konkre\u010diai nar\u0161yklei, tur\u0117tum\u0117te naudoti Google nar\u0161ykl\u0117s \u012fskiep\u012f, kur\u012f galima rasti adresu http:\/\/www.google.com\/ads\/preferences\/plugin . Dauguma nar\u0161ykli\u0173 leid\u017eia Jums nepriimti joki\u0173 slapuk\u0173, nors tam tikros nar\u0161ykl\u0117s leid\u017eia Jums nepriimti tik tre\u010di\u0173j\u0173 \u0161ali\u0173 slapuk\u0173. Pavyzd\u017eiui, Internet Explorer nar\u0161ykl\u0117je galite atsisakyti vis\u0173 slapuk\u0173 spausdami \u201eTools\u201c > \u201eInternet Options\u201c > \u201ePrivacy\u201c ir pasirinkdami \u201eBlock all cookies\u201c (tai daroma paslenkant perjungikl\u012f). Ta\u010diau vis\u0173 slapuk\u0173 blokavimas tur\u0117s neigiam\u0105 \u012ftak\u0105 galimybei naudotis daugeliu interneto svetaini\u0173, \u012fskaitant \u0161i\u0105.<br>Your personal data usage<br>Personal data provided on this website will be used for the purposes specified in this privacy policy or relevant sections of this website. We may use your personal information for the following purposes:<br>\u2022 To administer the website;<br>\u2022 To improve your browsing experience by customizing this website to your personal needs;<br>\u2022 With your consent, to send you our newsletter via email, which we believe may be of interest to you (you can inform us at any time if you no longer wish to receive the newsletter).<br>\u2022 Provide statistical information about our users to third parties, but this information will not be used to identify any individual user; Without your explicit consent, we will not disclose your personal data to any third parties for direct marketing purposes.<br>Policy Changes<br>We may occasionally update this privacy policy by posting a new version on our website. From time to time, you should review this page to ensure that you are satisfied with any changes.<br>Third-party websites<br>This website contains links to other websites. We are not responsible for the privacy policies or practices of third-party websites.<br>Contact us if you have any questions: paulius@kongastay.com<\/div>\n<\/div>\n <\/div><\/div>\n\n\n\n<div class=\"wp-block-greenshift-blocks-container gspb_container gspb_container-gsbp-70a27ed\" id=\"gspb_container-id-gsbp-70a27ed\"><\/div>","protected":false},"excerpt":{"rendered":"","protected":false},"author":4,"featured_media":0,"parent":0,"menu_order":0,"comment_status":"closed","ping_status":"closed","template":"","meta":{"_gspb_post_css":"#gspb_row-id-gsbp-2e13754{justify-content:space-between;margin-top:0;margin-bottom:0;display:flex;flex-wrap:wrap;align-content:flex-end;padding-bottom:40px;min-height:100vh;background-size:cover;background-repeat:no-repeat;background-position:45% 69%}#gspb_row-id-gsbp-2e13754>.gspb_row__content{display:flex;justify-content:space-between;margin:0 auto;width:100%;flex-wrap:wrap;max-width:1556px;align-items:flex-end}div[id^=gspb_col-id]{box-sizing:border-box;position:relative;padding:var(--gs-row-column-padding, 15px min(3vw, 20px))}@media (max-width:575.98px){#gspb_row-id-gsbp-2e13754{background-position:12% 71%}}#gspb_row-id-gsbp-2e13754{background-image:url(https:\/\/kongastay.com\/wp-content\/uploads\/2025\/05\/Konga-M-kongastay-namelio-nuoma.webp);isolation:isolate}#gspb_row-id-gsbp-2e13754:hover{background-size:cover}#gspb_row-id-gsbp-2e13754>.gspb_backgroundOverlay{position:absolute;top:0;left:0;width:100%;height:100%;z-index:-1;background-image:linear-gradient(0deg,#0d0d0d 0,rgba(83,120,148,0) 30%)}#gspb_col-id-gsbp-1061abd.gspb_row__col--12{width:100%}@media (max-width:575.98px){#gspb_col-id-gsbp-1061abd.gspb_row__col--12{width:100%}}body #gspb_col-id-gsbp-1061abd.gspb_row__col--12{display:flex;flex-direction:column;align-content:center;align-items:center}#gspb_heading-id-gsbp-74a13bd,#gspb_heading-id-gsbp-74a13bd .gsap-g-line{text-align:center!important}#gspb_heading-id-gsbp-74a13bd{color:var(--wp--preset--color--palette-color-8, var(--theme-palette-color-8, #ffffff));margin-bottom:0}#gspb_heading-id-gsbp-0a1a015{font-size:20px}@media (max-width:575.98px){#gspb_heading-id-gsbp-0a1a015{font-size:16px}}#gspb_heading-id-gsbp-0a1a015,#gspb_heading-id-gsbp-0a1a015 .gsap-g-line{text-align:center!important}#gspb_heading-id-gsbp-0a1a015{color:var(--wp--preset--color--palette-color-8, var(--theme-palette-color-8, #ffffff));margin-top:6px;margin-bottom:0}.gspb_container-id-gsbp-16669e3{flex-direction:column;box-sizing:border-box}#gspb_container-id-gsbp-16669e3.gspb_container>p:last-of-type,#gspb_container-id-gsbp-55c45a8.gspb_container>p:last-of-type,#gspb_container-id-gsbp-5d4e447.gspb_container>p:last-of-type,#gspb_container-id-gsbp-70a27ed.gspb_container>p:last-of-type,#gspb_container-id-gsbp-d33bf36.gspb_container>p:last-of-type{margin-bottom:0}#gspb_container-id-gsbp-16669e3.gspb_container{position:relative;padding:20px 0 0;width:600px}@media (max-width:575.98px){#gspb_container-id-gsbp-16669e3.gspb_container{width:100%}}.gspb_text-id-gsbp-9f3c73c{font-size:12px;color:var(--wp--preset--color--palette-color-8, var(--theme-palette-color-8, #ffffff))}.gspb_text-id-gsbp-9f3c73c,.gspb_text-id-gsbp-9f3c73c .gsap-g-line{text-align:center!important}@media (max-width:575.98px){.gspb_text-id-gsbp-9f3c73c{padding-bottom:40px!important}}#gspb_row-id-gsbp-4e2f05c{justify-content:space-between;display:flex;flex-wrap:wrap;margin-top:80px;margin-bottom:60px}#gspb_row-id-gsbp-4e2f05c>.gspb_row__content{display:flex;justify-content:space-between;margin:0 auto;width:100%;flex-wrap:wrap;max-width:900px}@media (max-width:575.98px){#gspb_row-id-gsbp-4e2f05c{margin-top:60px}}#gspb_col-id-gsbp-b812d79.gspb_row__col--6{width:50%}@media (max-width:575.98px){#gspb_col-id-gsbp-b812d79.gspb_row__col--6{width:100%}}body #gspb_col-id-gsbp-b812d79.gspb_row__col--6{display:flex;flex-direction:column;justify-content:flex-start}#gspb_heading-id-gsbp-77412ae{font-size:var(--wp--preset--font-size--large)!important;text-align:center!important;margin-top:12px}#gspb_heading-id-gsbp-26ee776,#gspb_heading-id-gsbp-26ee776 .gsap-g-line,#gspb_heading-id-gsbp-77412ae .gsap-g-line,.gspb_text-id-gsbp-14526d7,.gspb_text-id-gsbp-14526d7 .gsap-g-line{text-align:center!important}#gspb_col-id-gsbp-b496b49.gspb_row__col--6{width:50%}@media (max-width:575.98px){#gspb_col-id-gsbp-b496b49.gspb_row__col--6{width:100%}}.gspb_row #gspb_col-id-gsbp-b496b49.gspb_row__col--6{padding:0}body #gspb_col-id-gsbp-b496b49.gspb_row__col--6{display:flex;flex-direction:column;justify-content:center}.gspb_text-id-gsbp-14526d7{margin-top:0!important}#gspb_row-id-gsbp-0377731{justify-content:space-between;display:flex;flex-wrap:wrap;margin-top:80px;margin-bottom:80px}#gspb_row-id-gsbp-0377731>.gspb_row__content{display:flex;justify-content:space-between;margin:0 auto;width:100%;flex-wrap:wrap;max-width:1440px}.gspb_row{position:relative}@media (max-width:575.98px){#gspb_row-id-gsbp-0377731{margin-top:60px;margin-bottom:60px}}#gspb_col-id-gsbp-f2fa374.gspb_row__col--8{width:66.66666666666667%}@media (max-width:575.98px){#gspb_col-id-gsbp-f2fa374.gspb_row__col--8{width:100%}}@media (min-width:992px){body.gspb-bodyfront #gspb_col-id-gsbp-f2fa374.gspb_row__col--8{width:calc(59.99% - 0px - 0px)}}@media (max-width:575.98px){.gspb_row #gspb_col-id-gsbp-f2fa374.gspb_row__col--8{padding-right:0;padding-left:0}}body #gspb_col-id-gsbp-f2fa374.gspb_row__col--8{display:flex;flex-direction:column;row-gap:20px;column-gap:20px}.gspb_container-id-gsbp-55c45a8,.gspb_container-id-gsbp-5d4e447,.gspb_container-id-gsbp-70a27ed,.gspb_container-id-gsbp-d33bf36{flex-direction:column;box-sizing:border-box}#gspb_image-id-gsbp-d492c3c img{object-fit:cover;vertical-align:top;display:inline-block;box-sizing:border-box;max-width:100%;height:auto;aspect-ratio:2\/3}@media (max-width:991.98px){#gspb_image-id-gsbp-d492c3c img{aspect-ratio:2\/3}}@media (max-width:767.98px){#gspb_image-id-gsbp-d492c3c img{aspect-ratio:2\/3}}@media (max-width:575.98px){#gspb_image-id-gsbp-d492c3c img{aspect-ratio:2\/3}}#gspb_image-id-gsbp-6a7788a img{object-fit:cover;vertical-align:top;display:inline-block;box-sizing:border-box;max-width:100%;height:auto;aspect-ratio:2\/3}@media (max-width:991.98px){#gspb_image-id-gsbp-6a7788a img{aspect-ratio:2\/3}}@media (max-width:767.98px){#gspb_image-id-gsbp-6a7788a img{aspect-ratio:2\/3}}@media (max-width:575.98px){#gspb_image-id-gsbp-6a7788a img{aspect-ratio:2\/3}}#gspb_container-id-gsbp-55c45a8.gspb_container,#gspb_container-id-gsbp-5d4e447.gspb_container{position:relative;display:flex;flex-direction:row;column-gap:20px}#gspb_image-id-gsbp-91e4d55 img{object-fit:cover;vertical-align:top;display:inline-block;box-sizing:border-box;max-width:100%;height:auto;aspect-ratio:2\/3}@media (max-width:991.98px){#gspb_image-id-gsbp-91e4d55 img{aspect-ratio:2\/3}}@media (max-width:767.98px){#gspb_image-id-gsbp-91e4d55 img{aspect-ratio:2\/3}}@media (max-width:575.98px){#gspb_image-id-gsbp-91e4d55 img{aspect-ratio:2\/3}}#gspb_image-id-gsbp-539e47b img{object-fit:cover;vertical-align:top;display:inline-block;box-sizing:border-box;max-width:100%;height:auto;aspect-ratio:2\/3}@media (max-width:991.98px){#gspb_image-id-gsbp-539e47b img{aspect-ratio:2\/3}}@media (max-width:767.98px){#gspb_image-id-gsbp-539e47b img{aspect-ratio:2\/3}}@media (max-width:575.98px){#gspb_image-id-gsbp-539e47b img{aspect-ratio:2\/3}}#gspb_container-id-gsbp-d33bf36.gspb_container{position:relative;margin-top:-20px}@media (max-width:575.98px){body.gspb-bodyfront #gspb_container-id-gsbp-d33bf36.gspb_container{display:none!important}}@media (min-width:768px) and (max-width:991.98px){body.gspb-bodyfront #gspb_container-id-gsbp-d33bf36.gspb_container{display:none!important}}#gspb_col-id-gsbp-5c4740e.gspb_row__col--4{width:33.333333333333336%}@media (max-width:575.98px){#gspb_col-id-gsbp-5c4740e.gspb_row__col--4{width:100%}}@media (min-width:992px){body.gspb-bodyfront #gspb_col-id-gsbp-5c4740e.gspb_row__col--4{width:calc(40% - 0px - 0px)}}@media (max-width:575.98px){.gspb_row #gspb_col-id-gsbp-5c4740e.gspb_row__col--4{padding-right:0;padding-left:0}}#gspb_container-id-gsbp-70a27ed.gspb_container{position:relative}@media (min-width:992px){body.gspb-bodyfront #gspb_container-id-gsbp-70a27ed.gspb_container{display:none!important}}","footnotes":""},"class_list":["post-3","page","type-page","status-publish","hentry"],"blocksy_meta":{"has_hero_section":"disabled","styles_descriptor":{"styles":{"desktop":"","tablet":"","mobile":""},"google_fonts":[],"version":6}},"_links":{"self":[{"href":"https:\/\/kongastay.com\/en\/wp-json\/wp\/v2\/pages\/3","targetHints":{"allow":["GET"]}}],"collection":[{"href":"https:\/\/kongastay.com\/en\/wp-json\/wp\/v2\/pages"}],"about":[{"href":"https:\/\/kongastay.com\/en\/wp-json\/wp\/v2\/types\/page"}],"author":[{"embeddable":true,"href":"https:\/\/kongastay.com\/en\/wp-json\/wp\/v2\/users\/4"}],"replies":[{"embeddable":true,"href":"https:\/\/kongastay.com\/en\/wp-json\/wp\/v2\/comments?post=3"}],"version-history":[{"count":23,"href":"https:\/\/kongastay.com\/en\/wp-json\/wp\/v2\/pages\/3\/revisions"}],"predecessor-version":[{"id":8556,"href":"https:\/\/kongastay.com\/en\/wp-json\/wp\/v2\/pages\/3\/revisions\/8556"}],"wp:attachment":[{"href":"https:\/\/kongastay.com\/en\/wp-json\/wp\/v2\/media?parent=3"}],"curies":[{"name":"wp","href":"https:\/\/api.w.org\/{rel}","templated":true}]}}