{"id":963,"date":"2021-08-19T07:02:39","date_gmt":"2021-08-19T07:02:39","guid":{"rendered":"https:\/\/themes.themegoods.com\/hoteller\/sites3\/modern2\/?page_id=963"},"modified":"2025-06-20T12:25:28","modified_gmt":"2025-06-20T09:25:28","slug":"kontaktai","status":"publish","type":"page","link":"https:\/\/kongastay.com\/en\/kontaktai\/","title":{"rendered":"Contacts"},"content":{"rendered":"\n<div class=\"wp-block-greenshift-blocks-row alignfull gspb_row gspb_row-id-gsbp-2e13754\" id=\"gspb_row-id-gsbp-2e13754\"><div class=\"gspb_backgroundOverlay\"><\/div><div class=\"gspb_row__content\"> \n<div class=\"wp-block-greenshift-blocks-row-column gspb_row__col--12 gspb_col-id-gsbp-1061abd\" id=\"gspb_col-id-gsbp-1061abd\">\n<h1 id=\"gspb_heading-id-gsbp-74a13bd\" class=\"gspb_heading gspb_heading-id-gsbp-74a13bd \">KONGA STAY<\/h1>\n\n\n\n<div id=\"a-scandinavian-style-wooden-kitchen-defined-by-minimalism\"><\/div><h2 id=\"gspb_heading-id-gsbp-0a1a015\" class=\"gspb_heading gspb_heading-id-gsbp-0a1a015 \">kontaktai<\/h2>\n\n\n\n<div class=\"wp-block-greenshift-blocks-container gspb_container gspb_container-gsbp-16669e3\" id=\"gspb_container-id-gsbp-16669e3\">\n<p id=\"gspb_text-id-gsbp-9f3c73c\" class=\"gspb_text gspb_text-id-gsbp-9f3c73c \">Bedugn\u0117, kuri vis\u0105 maitina, i\u0161 kurios visa randasi<\/p>\n<\/div>\n<\/div>\n <\/div><\/div>\n\n\n\n<div class=\"wp-block-greenshift-blocks-row gspb_row gspb_row-id-gsbp-4e2f05c\" id=\"gspb_row-id-gsbp-4e2f05c\"><div class=\"gspb_row__content\"> \n<div class=\"wp-block-greenshift-blocks-row-column gspb_row__col--6 gspb_col-id-gsbp-b812d79\" id=\"gspb_col-id-gsbp-b812d79\">\n<h2 id=\"gspb_heading-id-gsbp-77412ae\" class=\"gspb_heading gspb_heading-id-gsbp-77412ae \">Kvie\u010dia gamta.<br>Atsako svetingumas.<\/h2>\n\n\n\n<p id=\"gspb_heading-id-gsbp-26ee776\" class=\"gspb_heading gspb_heading-id-gsbp-26ee776 \">Konga Stay<\/p>\n<\/div>\n\n\n\n<div class=\"wp-block-greenshift-blocks-row-column gspb_row__col--6 gspb_col-id-gsbp-b496b49\" id=\"gspb_col-id-gsbp-b496b49\">\n<p id=\"gspb_text-id-gsbp-14526d7\" class=\"gspb_text gspb_text-id-gsbp-14526d7 \">Jei norite paklausti, rezervuoti ar tiesiog pasitarti d\u0117l art\u0117jan\u010dio poilsio \u2013 lauksime j\u016bs\u0173 \u017einut\u0117s ar skambu\u010dio.\u2028 Atsiliepiame \u0161iltai, atsakome ai\u0161kiai, padedame nuo\u0161ird\u017eiai \u2013 taip, kaip dera tikrame dani\u0161kame vie\u0161butyje gamtoje.<br><br>\ud83d\udcde +370 629 58 921\u2028 <br>\ud83d\udce7 Para\u0161ykite mums: Adrijus@kongastay.com\u2028 <br>\ud83d\udccd KONGA STAY\u2028<br><br><a href=\"https:\/\/maps.app.goo.gl\/jF3kbKXMrAgfkJkQ9\" target=\"_blank\" rel=\"noopener\">Ber\u017e\u0173 g., 21157\u2028 <br>Bedugn\u0117, Trak\u0173 raj.<\/a><br><br>Taip pat galite u\u017epildyti kontakto form\u0105 \u2013 mes su jumis susisieksime kaip \u012fmanoma grei\u010diau.<\/p>\n<\/div>\n <\/div><\/div>\n\n\n\n<div class=\"wp-block-greenshift-blocks-row alignfull gspb_row gspb_row-id-gsbp-9c072b8b-e765 gspb_row--gutter-custom-0\" id=\"gspb_row-id-gsbp-9c072b8b-e765\">\n<div class=\"wp-block-greenshift-blocks-row-column gspb_row__col--12 gspb_col-id-gsbp-0f01cb8b-af6e gspb-hoverparent-125\" id=\"gspb_col-id-gsbp-0f01cb8b-af6e\">\n<div class=\"wp-block-greenshift-blocks-container gspb_container gspb_container-gsbp-63edd90e-a15e gspb-hoverparent-121\" id=\"gspb_container-id-gsbp-63edd90e-a15e\">\n<h2 id=\"gspb_heading-id-gsbp-362e765\" class=\"gspb_heading gspb_heading-id-gsbp-362e765 \">Klauskite<\/h2>\n<\/div>\n\n\n\n<div class=\"wp-block-greenshift-blocks-container gspb_container gspb_container-gsbp-f444868\" id=\"gspb_container-id-gsbp-f444868\"><div class='fluentform ff-inherit-theme-style fluentform_wrapper_1  ff_guten_block ff_guten_block-1'><form data-form_id=\"1\" id=\"fluentform_1\" class=\"frm-fluent-form fluent_form_1 ff-el-form-top ff_form_instance_1_1 ff-form-loading ff_has_v3_recptcha ffs_inherit_theme\" data-form_instance=\"ff_form_instance_1_1\" method=\"POST\" data-recptcha_key=\"6Lc71iAsAAAAALQSadCsdoTfpqlorco0dIP2dOTH\" ><fieldset  style=\"border: none!important;margin: 0!important;padding: 0!important;background-color: transparent!important;box-shadow: none!important;outline: none!important; min-inline-size: 100%;\">\n                    <legend class=\"ff_screen_reader_title\" style=\"display: block; margin: 0!important;padding: 0!important;height: 0!important;text-indent: -999999px;width: 0!important;overflow:hidden;\">Contact Form Demo<\/legend><input type='hidden' name='__fluent_form_embded_post_id' value='963' \/><input type=\"hidden\" id=\"_fluentform_1_fluentformnonce\" name=\"_fluentform_1_fluentformnonce\" value=\"1c02b7bfb8\" \/><input type=\"hidden\" name=\"_wp_http_referer\" value=\"\/en\/wp-json\/wp\/v2\/pages\/963\" \/><div data-type=\"name-element\" data-name=\"names\" class=\" ff-field_container ff-name-field-wrapper\" ><div class='ff-t-container'><div class='ff-t-cell '><div class='ff-el-group  ff-el-form-hide_label'><div class=\"ff-el-input--label asterisk-right\"><label for='ff_1_names_first_name_' id='label_ff_1_names_first_name_' >First Name<\/label><\/div><div class='ff-el-input--content'><input type=\"text\" name=\"names[first_name]\" id=\"ff_1_names_first_name_\" class=\"ff-el-form-control\" placeholder=\"J\u016bs\u0173 vardas\" aria-invalid=\"false\" aria-required=false><\/div><\/div><\/div><div class='ff-t-cell '><div class='ff-el-group  ff-el-form-hide_label'><div class=\"ff-el-input--label asterisk-right\"><label for='ff_1_names_last_name_' id='label_ff_1_names_last_name_' >J\u016bs\u0173 pavard\u0117<\/label><\/div><div class='ff-el-input--content'><input type=\"text\" name=\"names[last_name]\" id=\"ff_1_names_last_name_\" class=\"ff-el-form-control\" placeholder=\"J\u016bs\u0173 pavard\u0117\" aria-invalid=\"false\" aria-required=false><\/div><\/div><\/div><\/div><\/div><div class='ff-el-group ff-el-form-hide_label'><div class=\"ff-el-input--label ff-el-is-required asterisk-right\"><label for='ff_1_email' id='label_ff_1_email' aria-label=\"Email\">Email<\/label><\/div><div class='ff-el-input--content'><input type=\"email\" name=\"email\" id=\"ff_1_email\" class=\"ff-el-form-control\" placeholder=\"El. pa\u0161to adresas\" data-name=\"email\"  aria-invalid=\"false\" aria-required=true><\/div><\/div><div class='ff-el-group ff-el-form-hide_label'><div class=\"ff-el-input--label ff-el-is-required asterisk-right\"><label for='ff_1_subject' id='label_ff_1_subject' aria-label=\"Subject\">Subject<\/label><\/div><div class='ff-el-input--content'><input type=\"text\" name=\"subject\" class=\"ff-el-form-control\" placeholder=\"J\u016bs\u0173 telefonas\" data-name=\"subject\" id=\"ff_1_subject\"  aria-invalid=\"false\" aria-required=true><\/div><\/div><div class='ff-el-group ff-el-form-hide_label'><div class=\"ff-el-input--label ff-el-is-required asterisk-right\"><label for='ff_1_message' id='label_ff_1_message' aria-label=\"Your Message\">Your Message<\/label><\/div><div class='ff-el-input--content'><textarea aria-required=\"true\" aria-labelledby=\"label_ff_1_message\" name=\"message\" id=\"ff_1_message\" class=\"ff-el-form-control\" placeholder=\"\u017dinut\u0117\" rows=\"4\" cols=\"2\" data-name=\"message\" ><\/textarea><\/div><\/div><div class='ff-el-group ff-text-center ff_submit_btn_wrapper'><button type=\"submit\" class=\"ff-btn ff-btn-submit ff-btn-md ff_btn_no_style wpf_has_custom_css\"  aria-label=\"Si\u0173sti u\u017eklaus\u0105\">Si\u0173sti u\u017eklaus\u0105<\/button><\/div><\/fieldset><\/form><div id='fluentform_1_errors' class='ff-errors-in-stack ff_form_instance_1_1 ff-form-loading_errors ff_form_instance_1_1_errors'><\/div><\/div>            <script type=\"text\/javascript\">\n                window.fluent_form_ff_form_instance_1_1 = {\"id\":\"1\",\"ajaxUrl\":\"https:\\\/\\\/kongastay.com\\\/wp-admin\\\/admin-ajax.php\",\"settings\":{\"layout\":{\"labelPlacement\":\"top\",\"helpMessagePlacement\":\"with_label\",\"errorMessagePlacement\":\"inline\",\"cssClassName\":\"\",\"asteriskPlacement\":\"asterisk-right\"},\"restrictions\":{\"denyEmptySubmission\":{\"enabled\":false}}},\"form_instance\":\"ff_form_instance_1_1\",\"form_id_selector\":\"fluentform_1\",\"rules\":{\"names[first_name]\":{\"required\":{\"value\":false,\"message\":\"This field is required\",\"global\":false,\"global_message\":\"This field is required\"}},\"names[middle_name]\":{\"required\":{\"value\":false,\"message\":\"This field is required\",\"global\":false,\"global_message\":\"This field is required\"}},\"names[last_name]\":{\"required\":{\"value\":false,\"message\":\"This field is required\",\"global\":false,\"global_message\":\"This field is required\"}},\"email\":{\"required\":{\"value\":true,\"message\":\"This field is required\",\"global\":false,\"global_message\":\"This field is required\"},\"email\":{\"value\":true,\"message\":\"This field must contain a valid email\",\"global\":false,\"global_message\":\"This field must contain a valid email\"}},\"subject\":{\"required\":{\"value\":true,\"message\":\"This field is required\",\"global\":false,\"global_message\":\"This field is required\"}},\"message\":{\"required\":{\"value\":true,\"message\":\"This field is required\",\"global\":false,\"global_message\":\"This field is required\"}},\"g-recaptcha-response\":[]},\"debounce_time\":300};\n                            <\/script>\n            <\/div>\n<\/div>\n<\/div>\n\n\n\n<div class=\"wp-block-greenshift-blocks-row alignfull gspb_row gspb_row-id-gsbp-5e731a5\" id=\"gspb_row-id-gsbp-5e731a5\">\n<div class=\"wp-block-greenshift-blocks-row-column gspb_row__col--12 gspb_col-id-gsbp-c37a502\" id=\"gspb_col-id-gsbp-c37a502\"><\/div>\n<\/div>\n","protected":false},"excerpt":{"rendered":"","protected":false},"author":4,"featured_media":0,"parent":0,"menu_order":0,"comment_status":"closed","ping_status":"closed","template":"","meta":{"_gspb_post_css":"#gspb_row-id-gsbp-2e13754{justify-content:space-between;margin-top:0;margin-bottom:0;display:flex;flex-wrap:wrap;align-content:flex-end;padding-bottom:40px;min-height:100vh;background-size:cover;background-repeat:no-repeat;background-position:45% 69%}#gspb_row-id-gsbp-2e13754>.gspb_row__content{display:flex;justify-content:space-between;margin:0 auto;width:100%;flex-wrap:wrap;max-width:1556px;align-items:flex-end}div[id^=gspb_col-id]{box-sizing:border-box;position:relative;padding:var(--gs-row-column-padding, 15px min(3vw, 20px))}@media (max-width:575.98px){#gspb_row-id-gsbp-2e13754{background-position:12% 71%}}#gspb_row-id-gsbp-2e13754{background-image:url(https:\/\/kongastay.com\/wp-content\/uploads\/2025\/05\/kontaktai-kongastay-uzklausos-forma.webp);isolation:isolate}#gspb_row-id-gsbp-2e13754:hover{background-size:cover}#gspb_row-id-gsbp-2e13754>.gspb_backgroundOverlay{position:absolute;top:0;left:0;width:100%;height:100%;z-index:-1;background-image:linear-gradient(0deg,#0d0d0d 0,rgba(83,120,148,0) 30%)}#gspb_col-id-gsbp-1061abd.gspb_row__col--12{width:100%}@media (max-width:575.98px){#gspb_col-id-gsbp-1061abd.gspb_row__col--12{width:100%}}body #gspb_col-id-gsbp-1061abd.gspb_row__col--12{display:flex;flex-direction:column;align-content:center;align-items:center}#gspb_heading-id-gsbp-74a13bd,#gspb_heading-id-gsbp-74a13bd .gsap-g-line{text-align:center!important}#gspb_heading-id-gsbp-74a13bd{color:var(--wp--preset--color--palette-color-8, var(--theme-palette-color-8, #ffffff));margin-bottom:0}#gspb_heading-id-gsbp-0a1a015{font-size:20px}@media (max-width:575.98px){#gspb_heading-id-gsbp-0a1a015{font-size:16px}}#gspb_heading-id-gsbp-0a1a015,#gspb_heading-id-gsbp-0a1a015 .gsap-g-line{text-align:center!important}#gspb_heading-id-gsbp-0a1a015{color:var(--wp--preset--color--palette-color-8, var(--theme-palette-color-8, #ffffff));margin-top:6px;margin-bottom:0}.gspb_container-id-gsbp-16669e3{flex-direction:column;box-sizing:border-box}#gspb_container-id-gsbp-16669e3.gspb_container>p:last-of-type,#gspb_container-id-gsbp-63edd90e-a15e.gspb_container>p:last-of-type,#gspb_container-id-gsbp-f444868.gspb_container>p:last-of-type{margin-bottom:0}#gspb_container-id-gsbp-16669e3.gspb_container{position:relative;padding:20px 0 0;width:600px}@media (max-width:575.98px){#gspb_container-id-gsbp-16669e3.gspb_container{width:100%}}.gspb_text-id-gsbp-9f3c73c{font-size:12px;color:var(--wp--preset--color--palette-color-8, var(--theme-palette-color-8, #ffffff))}.gspb_text-id-gsbp-9f3c73c,.gspb_text-id-gsbp-9f3c73c .gsap-g-line{text-align:center!important}@media (max-width:575.98px){.gspb_text-id-gsbp-9f3c73c{padding-bottom:40px!important}}#gspb_row-id-gsbp-4e2f05c{justify-content:space-between;display:flex;flex-wrap:wrap;margin-top:80px;margin-bottom:80px}#gspb_row-id-gsbp-4e2f05c>.gspb_row__content{display:flex;justify-content:space-between;margin:0 auto;width:100%;flex-wrap:wrap;max-width:1200px}@media (max-width:575.98px){#gspb_row-id-gsbp-4e2f05c{margin-top:60px}}#gspb_col-id-gsbp-b812d79.gspb_row__col--6{width:50%}@media (max-width:575.98px){#gspb_col-id-gsbp-b812d79.gspb_row__col--6{width:100%}}body #gspb_col-id-gsbp-b812d79.gspb_row__col--6{display:flex;flex-direction:column;justify-content:flex-start}#gspb_heading-id-gsbp-77412ae{font-size:var(--wp--preset--font-size--large)!important;text-align:center!important;margin-top:0}#gspb_heading-id-gsbp-26ee776,#gspb_heading-id-gsbp-26ee776 .gsap-g-line,#gspb_heading-id-gsbp-77412ae .gsap-g-line,.gspb_text-id-gsbp-14526d7,.gspb_text-id-gsbp-14526d7 .gsap-g-line{text-align:center!important}#gspb_col-id-gsbp-b496b49.gspb_row__col--6{width:50%}@media (max-width:575.98px){#gspb_col-id-gsbp-b496b49.gspb_row__col--6{width:100%}}.gspb_row #gspb_col-id-gsbp-b496b49.gspb_row__col--6{padding-top:0;padding-bottom:0}body #gspb_col-id-gsbp-b496b49.gspb_row__col--6{display:flex;flex-direction:column;justify-content:center}#gspb_row-id-gsbp-9c072b8b-e765{justify-content:space-between;margin-bottom:0;display:flex;flex-wrap:wrap;min-height:100vh;margin-top:0;background-color:#fff;background-size:cover;background-repeat:no-repeat;background-image:url(https:\/\/kongastay.com\/wp-content\/uploads\/2025\/05\/Group-1.webp)}#gspb_row-id-gsbp-9c072b8b-e765>.gspb_row__content{display:flex;justify-content:space-between;margin:0 auto;width:100%;flex-wrap:wrap}#gspb_row-id-gsbp-9c072b8b-e765:hover{background-size:cover}#gspb_col-id-gsbp-0f01cb8b-af6e.gspb_row__col--12{width:100%}@media (max-width:575.98px){#gspb_col-id-gsbp-0f01cb8b-af6e.gspb_row__col--12{width:100%}}.gspb_row #gspb_col-id-gsbp-0f01cb8b-af6e.gspb_row__col--12{padding:120px 0 0;overflow:hidden}#gspb_container-id-gsbp-63edd90e-a15e.gspb_container,body #gspb_col-id-gsbp-0f01cb8b-af6e.gspb_row__col--12{display:flex;flex-direction:column;justify-content:flex-start;align-content:center;align-items:center}@media (max-width:991.98px){body #gspb_col-id-gsbp-0f01cb8b-af6e.gspb_row__col--12{align-content:space-around}}.gspb_container-id-gsbp-63edd90e-a15e,.gspb_container-id-gsbp-f444868{flex-direction:column;box-sizing:border-box}#gspb_container-id-gsbp-63edd90e-a15e.gspb_container{position:relative;justify-content:center;margin-bottom:0;padding:30px}body.gspb-bodyfront #gspb_container-id-gsbp-63edd90e-a15e.gspb_container{max-width:700px}#gspb_heading-id-gsbp-362e765,#gspb_heading-id-gsbp-362e765 .gsap-g-line{text-align:center!important}#gspb_heading-id-gsbp-362e765{color:var(--wp--preset--color--palette-color-8, var(--theme-palette-color-8, #ffffff));margin-top:0;padding-top:0}#gspb_container-id-gsbp-f444868.gspb_container,.gspb_row{position:relative}#gspb_row-id-gsbp-5e731a5{justify-content:space-between;margin-top:0;margin-bottom:0;display:flex;flex-wrap:wrap}#gspb_row-id-gsbp-5e731a5>.gspb_row__content{display:flex;justify-content:space-between;margin:0 auto;width:100%;flex-wrap:wrap}#gspb_col-id-gsbp-c37a502.gspb_row__col--12{width:100%}@media (max-width:575.98px){#gspb_col-id-gsbp-c37a502.gspb_row__col--12{width:100%}}.gspb_row #gspb_col-id-gsbp-c37a502.gspb_row__col--12{padding:4px 0 0}","footnotes":""},"class_list":["post-963","page","type-page","status-publish","hentry"],"blocksy_meta":{"has_hero_section":"disabled","styles_descriptor":{"styles":{"desktop":"","tablet":"","mobile":""},"google_fonts":[],"version":6}},"_links":{"self":[{"href":"https:\/\/kongastay.com\/en\/wp-json\/wp\/v2\/pages\/963","targetHints":{"allow":["GET"]}}],"collection":[{"href":"https:\/\/kongastay.com\/en\/wp-json\/wp\/v2\/pages"}],"about":[{"href":"https:\/\/kongastay.com\/en\/wp-json\/wp\/v2\/types\/page"}],"author":[{"embeddable":true,"href":"https:\/\/kongastay.com\/en\/wp-json\/wp\/v2\/users\/4"}],"replies":[{"embeddable":true,"href":"https:\/\/kongastay.com\/en\/wp-json\/wp\/v2\/comments?post=963"}],"version-history":[{"count":106,"href":"https:\/\/kongastay.com\/en\/wp-json\/wp\/v2\/pages\/963\/revisions"}],"predecessor-version":[{"id":8775,"href":"https:\/\/kongastay.com\/en\/wp-json\/wp\/v2\/pages\/963\/revisions\/8775"}],"wp:attachment":[{"href":"https:\/\/kongastay.com\/en\/wp-json\/wp\/v2\/media?parent=963"}],"curies":[{"name":"wp","href":"https:\/\/api.w.org\/{rel}","templated":true}]}}