{"id":1171,"date":"2024-01-15T07:27:16","date_gmt":"2024-01-15T07:27:16","guid":{"rendered":"https:\/\/kongastay.com\/?post_type=product&#038;p=1171"},"modified":"2025-11-04T12:04:30","modified_gmt":"2025-11-04T10:04:30","slug":"dovanu-kuponas","status":"publish","type":"product","link":"https:\/\/kongastay.com\/en\/product\/dovanu-kuponas\/","title":{"rendered":"Gift Voucher"},"content":{"rendered":"<p>It's a wonderful gift for close ones.<\/p>\n<p>I would gift time at Konga Stay, a Danish Hotel in Nature, in these circumstances:<\/p>\n<p>To my wife. For time together.<\/p>\n<p>To a friend. For a sincere conversation.<\/p>\n<p>To a neighbor. For a new relationship.<\/p>\n<p>To my parents. For new experiences.<\/p>\n<p>To an employee. For relaxation.<\/p>\n<p>To a colleague. For a creative session.<\/p>\n<p>To a brother or sister. Without any occasion or reason.<\/p>\n<p>To myself. For personal time.<\/p>\n<p>The gift voucher is valid for 1 year.<\/p>","protected":false},"excerpt":{"rendered":"<p>Tai nuostabi dovana artimiems \u017emon\u0117ms. A\u0161 dovano\u010diau laik\u0105 Konga Stay, Dani\u0161kas Vie\u0161butis Gamtoje, \u0161iomis aplinkyb\u0117mis: \u017dmonai. Laikui dviese. Draugui. Nuo\u0161ird\u017eiam pokalbiui. Kaimynui. Naujam santykiui. T\u0117vams. Naujoms patirtims. Darbuotojui. Poilsiui. Kolegai. K\u016brybinei sesijai. Broliui ar sesei. Be progos ir prie\u017easties. Sau. Asmeniniam laikui. Dovan\u0173 kuponas galioja 1 metus.<\/p>","protected":false},"featured_media":2557,"comment_status":"open","ping_status":"closed","template":"","meta":{"_gspb_post_css":""},"product_brand":[],"product_cat":[15],"product_tag":[],"class_list":{"0":"post-1171","1":"product","2":"type-product","3":"status-publish","4":"has-post-thumbnail","6":"product_cat-dovanoms","8":"first","9":"instock","10":"shipping-taxable","11":"purchasable","12":"product-type-variable"},"_links":{"self":[{"href":"https:\/\/kongastay.com\/en\/wp-json\/wp\/v2\/product\/1171","targetHints":{"allow":["GET"]}}],"collection":[{"href":"https:\/\/kongastay.com\/en\/wp-json\/wp\/v2\/product"}],"about":[{"href":"https:\/\/kongastay.com\/en\/wp-json\/wp\/v2\/types\/product"}],"replies":[{"embeddable":true,"href":"https:\/\/kongastay.com\/en\/wp-json\/wp\/v2\/comments?post=1171"}],"wp:featuredmedia":[{"embeddable":true,"href":"https:\/\/kongastay.com\/en\/wp-json\/wp\/v2\/media\/2557"}],"wp:attachment":[{"href":"https:\/\/kongastay.com\/en\/wp-json\/wp\/v2\/media?parent=1171"}],"wp:term":[{"taxonomy":"product_brand","embeddable":true,"href":"https:\/\/kongastay.com\/en\/wp-json\/wp\/v2\/product_brand?post=1171"},{"taxonomy":"product_cat","embeddable":true,"href":"https:\/\/kongastay.com\/en\/wp-json\/wp\/v2\/product_cat?post=1171"},{"taxonomy":"product_tag","embeddable":true,"href":"https:\/\/kongastay.com\/en\/wp-json\/wp\/v2\/product_tag?post=1171"}],"curies":[{"name":"wp","href":"https:\/\/api.w.org\/{rel}","templated":true}]}}